{"id":1018,"date":"2022-01-19T20:49:21","date_gmt":"2022-01-19T19:49:21","guid":{"rendered":"https:\/\/www.activpatrimonia.fr\/gespat\/?page_id=1018"},"modified":"2026-02-26T14:37:00","modified_gmt":"2026-02-26T13:37:00","slug":"politique-de-confidentialite","status":"publish","type":"page","link":"https:\/\/www.activpatrimonia.fr\/gespat\/index.php\/politique-de-confidentialite\/","title":{"rendered":"Politique de confidentialit\u00e9"},"content":{"rendered":"\n<h4 class=\"wp-block-heading\">Mise \u00e0 jour le 26 f\u00e9vrier 2026 \u00e0 15h00<\/h4>\n\n\n\n<p>Activ Patrimonia est une marque d\u00e9pos\u00e9e par la Soci\u00e9t\u00e9 Activ Patrimonia Eurl. Le site internet activpatrimonia.fr est une propri\u00e9t\u00e9 de la Soci\u00e9t\u00e9 Activ Patrimonia Eurl.<\/p>\n\n\n\n<p>Les informations sont collect\u00e9es par la Soci\u00e9t\u00e9 Activ Patrimonia Eurl sont indispensables au traitement de vos diff\u00e9rentes demandes (guides, \u00e9tudes, devis, demande de rendez-vous, &#8230;..).<\/p>\n\n\n\n<p>En soumettant ces informations, vous autorisez la Soci\u00e9t\u00e9 Activ Patrimonia Eurl \u00e0 vous contacter par t\u00e9l\u00e9phone ou par email pour vous conseiller et\/ou vous proposer les diff\u00e9rents services propos\u00e9es par la Soci\u00e9t\u00e9.<\/p>\n\n\n\n<p>La Soci\u00e9t\u00e9 Activ Patrimonia Eurl pouvant traiter votre demande est un cabinet de conseil en gestion de patrimoine habilit\u00e9 dans diff\u00e9rents domaines : se reporter aux <a href=\"https:\/\/www.activpatrimonia.fr\/assurance\/index.php\/mentions-legales\/\">mentions l\u00e9gales<\/a>.<\/p>\n\n\n\n<h2 class=\"wp-block-heading\">Charte de protection des donn\u00e9es<\/h2>\n\n\n\n<p>La Soci\u00e9t\u00e9 Activ Patrimonia accorde une grande importance \u00e0 la protection de la vie priv\u00e9e et des donn\u00e9es personnelles qui sont collect\u00e9es et utilis\u00e9es dans le cadre de ses activit\u00e9s et services. Dans un souci de transparence, nous avons choisi de mettre en place une charte de protection des donn\u00e9es personnelles \u00e0 destination de nos prospects et clients.<\/p>\n\n\n\n<p>La pr\u00e9sente charte d\u00e9crit les r\u00e8gles que la Soci\u00e9t\u00e9 Activ Patrimonia d\u00e9finit et applique en mati\u00e8re de protection des donn\u00e9es personnelles, dans le respect des r\u00e9glementations en vigueur, et notamment la loi n\u00b078-17 du 6 janvier 1978 relative \u00e0 l\u2019informatique, aux fichiers et aux libert\u00e9s modifi\u00e9e (dite \u00ab loi Informatique et Libert\u00e9s \u00bb) et le R\u00e8glement (UE) 2016\/679 du Parlement europ\u00e9en et du Conseil du 27 avril 2016 (dit \u00ab R\u00e8glement G\u00e9n\u00e9ral sur la Protection des Donn\u00e9es \u00bb).<\/p>\n\n\n\n<h2 class=\"wp-block-heading\">Quelles informations traitons-nous et \u00e0 quelles fins ?<\/h2>\n\n\n\n<h4 class=\"wp-block-heading\">Cat\u00e9gories de donn\u00e9es personnelles collect\u00e9es<\/h4>\n\n\n\n<p>Les donn\u00e9es personnelles collect\u00e9es par la Soci\u00e9t\u00e9 Activ Patrimonia sont uniquement les donn\u00e9es n\u00e9cessaires \u00e0 la r\u00e9alisation des finalit\u00e9s de traitement d\u00e9crites ci-apr\u00e8s.<\/p>\n\n\n\n<p>Notre entreprise s\u2019engage \u00e0 ne pas collecter plus de donn\u00e9es que n\u00e9cessaire. Lorsque vous fournissez certaines de vos donn\u00e9es personnelles \u00e0 travers les formulaires de collecte de notre site, de nos espaces ou de nos documents, les champs obligatoires vous sont indiqu\u00e9s, soit litt\u00e9ralement, soit par des ast\u00e9risques : vous devez fournir les informations correspondantes afin de pouvoir utiliser le service propos\u00e9 ou b\u00e9n\u00e9ficier d\u2019un traitement de votre demande.<\/p>\n\n\n\n<h4 class=\"wp-block-heading\">Finalit\u00e9s et bases l\u00e9gales du traitement<\/h4>\n\n\n\n<p>Les finalit\u00e9s de traitement de vos donn\u00e9es personnelles vous sont pr\u00e9cis\u00e9es au moment de la premi\u00e8re collecte de ces donn\u00e9es, le plus souvent dans une rubrique \u00ab Protection des donn\u00e9es \u00e0 caract\u00e8re personnel \u00bb pr\u00e9sente sur le support de collecte. C\u2019est notamment le cas lorsque vous effectuez une demande de devis sur notre site ou lorsque vous remplissez une demande d\u2019adh\u00e9sion.<\/p>\n\n\n\n<p>Vos donn\u00e9es personnelles ne seront pas trait\u00e9es ult\u00e9rieurement \u00e0 leur collecte en dehors de propositions d\u2019assurances li\u00e9es \u00e0 notre activit\u00e9 de courtage en Assurances. La liste&nbsp;suivante d\u00e9crit les finalit\u00e9s pour lesquelles la Soci\u00e9t\u00e9 Activ Patrimonia est susceptible de traiter vos donn\u00e9es \u00e0 caract\u00e8re personnel.<\/p>\n\n\n\n<ul class=\"wp-block-list\">\n<li>Comparaison de produits propos\u00e9s par Activ Patrimonia<\/li>\n\n\n\n<li>Envoi de devis<\/li>\n\n\n\n<li>Souscription de produits propos\u00e9s par Activ Patrimonia<\/li>\n\n\n\n<li>Prospection commerciale ou promotionnelle de produits propos\u00e9s par Activ Patrimonia<\/li>\n\n\n\n<li>Envoi \u00e9ventuel d\u2019un questionnaire de satisfaction<\/li>\n\n\n\n<li>Gestion de demandes ou r\u00e9clamations<\/li>\n<\/ul>\n\n\n\n<p>Toute finalit\u00e9 de traitement soumise \u00e0 votre consentement est pr\u00e9sent\u00e9e en cons\u00e9quence et de mani\u00e8re explicite au moment de la collecte des donn\u00e9es personnelles aff\u00e9rentes. Le retrait de ce consentement peut s\u2019effectuer \u00e0 tout moment sans que cela ne remette en cause la lic\u00e9it\u00e9 du traitement fond\u00e9 sur ce dernier et effectu\u00e9 ant\u00e9rieurement au retrait.<\/p>\n\n\n\n<h4 class=\"wp-block-heading\">Destinataires de vos donn\u00e9es personnelles<\/h4>\n\n\n\n<p>Au sein de la Soci\u00e9t\u00e9 Activ Patrimonia, l\u2019acc\u00e8s \u00e0 vos donn\u00e9es personnelles est strictement limit\u00e9 aux personnes habilit\u00e9es qui, de par leurs fonctions, sont amen\u00e9es \u00e0 traiter ces donn\u00e9es en vue de la r\u00e9alisation des finalit\u00e9s pr\u00e9vues.<\/p>\n\n\n\n<p>Par ailleurs, les destinataires de vos donn\u00e9es sont, suivant les finalit\u00e9s et dans la limite de leurs attributions : l\u2019organisme assureur et, le cas \u00e9ch\u00e9ant, les r\u00e9assureurs, votre interm\u00e9diaire en assurances, ainsi que les tiers habilit\u00e9s appel\u00e9s \u00e0 conna\u00eetre le contrat en raison de sa gestion, par exemple dans le cadre de la gestion des flux et du tiers payant, et plus largement les producteurs des produits propos\u00e9s par Activ Patrimonia.<\/p>\n\n\n\n<h4 class=\"wp-block-heading\">Conservation de vos donn\u00e9es personnelles<\/h4>\n\n\n\n<p>Vos donn\u00e9es personnelles sont d\u00e9truites ou anonymis\u00e9es au-del\u00e0 des dur\u00e9es n\u00e9cessaires \u00e0 la r\u00e9alisation des diff\u00e9rentes finalit\u00e9s de traitement : ces dur\u00e9es varient donc en fonction des finalit\u00e9s pr\u00e9vues et des dur\u00e9es de prescription l\u00e9gales en vigueur.<\/p>\n\n\n\n<p>\u00c0 titre d\u2019exemple :<\/p>\n\n\n\n<ul class=\"wp-block-list\">\n<li>les donn\u00e9es relatives \u00e0 la prospection commerciale sont conserv\u00e9es au maximum pendant 3 ans \u00e0 compter de la derni\u00e8re action de contact que vous avez initi\u00e9e ;<\/li>\n\n\n\n<li>les documents contractuels sont conserv\u00e9s pendant la dur\u00e9e de la relation contractuelle, \u00e0 laquelle s\u2019ajoute la dur\u00e9e de prescription l\u00e9gale applicable.<\/li>\n<\/ul>\n\n\n\n<h4 class=\"wp-block-heading\">Mesures de s\u00e9curit\u00e9<\/h4>\n\n\n\n<p>La Soci\u00e9t\u00e9 Activ Patrimonia s\u2019engage \u00e0 garantir la confidentialit\u00e9 et \u00e0 prot\u00e9ger l\u2019ensemble des donn\u00e9es personnelles des prospects et adh\u00e9rents, qu\u2019elles soient trait\u00e9es pour notre compte ou pour le compte de tiers.<\/p>\n\n\n\n<p>Dans cette optique, la politique de s\u00e9curit\u00e9 de la Soci\u00e9t\u00e9 Activ Patrimonia repose sur plusieurs principes fondateurs :<\/p>\n\n\n\n<ul class=\"wp-block-list\">\n<li>outils de gestion des donn\u00e9es, trait\u00e9e par un prestataire informatique conforme aux normes de s\u00e9curit\u00e9 ;<\/li>\n\n\n\n<li>sensibilisation, information et formation des utilisateurs du syst\u00e8me d\u2019information aux enjeux, risques et bonnes pratiques de s\u00e9curit\u00e9 ;<\/li>\n\n\n\n<li>contr\u00f4le et suivi permanent de l\u2019efficacit\u00e9 de la s\u00e9curit\u00e9 de nos syst\u00e8mes d\u2019information et de nos processus ;<\/li>\n\n\n\n<li>veille r\u00e9glementaire et mise en conformit\u00e9 adapt\u00e9e \u00e0 nos engagements et responsabilit\u00e9s.<\/li>\n<\/ul>\n\n\n\n<h4 class=\"wp-block-heading\">Transferts de donn\u00e9es hors Union Europ\u00e9enne<\/h4>\n\n\n\n<p>La Soci\u00e9t\u00e9 Activ Patrimonia n\u2019effectue aucun transfert de vos donn\u00e9es personnelles vers un destinataire situ\u00e9 dans un pays hors Union Europ\u00e9enne<\/p>\n\n\n\n<h4 class=\"wp-block-heading\">Droit d\u2019acc\u00e8s et de rectification des donn\u00e9es<\/h4>\n\n\n\n<p>Conform\u00e9ment \u00e0 la loi du 6 janvier 1978 dite \u00ab Loi Informatique et Libert\u00e9s \u00bb, vous disposez d\u2019un droit d\u2019acc\u00e8s, de modification et de rectification des donn\u00e9es vous concernant ainsi qu\u2019un droit d\u2019opposition, que vous pouvez exercer en vous adressant \u00e0&nbsp;Activ Patrimonia 81 avenue Jean Moulin, 69720 Saint Laurent de Mure.<\/p>\n\n\n\n<h4 class=\"wp-block-heading\">Modification de notre charte de protection des donn\u00e9es personnelles<\/h4>\n\n\n\n<p>La Soci\u00e9t\u00e9 Activ Patrimonia, peut \u00eatre amen\u00e9 \u00e0 modifier \u00e0 tout moment la pr\u00e9sente charte : nous vous invitons \u00e0 consulter cette page r\u00e9guli\u00e8rement. Nous sommes \u00e9galement susceptibles de vous informer des modifications de cette charte par email.<\/p>\n\n\n\n<h2 class=\"wp-block-heading\">Droit d\u2019opposition au d\u00e9marchage<\/h2>\n\n\n\n<p>Conform\u00e9ment \u00e0 l\u2019article L.223-2 du Code de la consommation, vous disposez du droit \u00e0 vous inscrire sur la liste d\u2019opposition au d\u00e9marchage t\u00e9l\u00e9phonique Bloctel g\u00e9r\u00e9e par Opposetel&nbsp;:&nbsp;<a href=\"https:\/\/conso.bloctel.fr\/\" target=\"_blank\" rel=\"noreferrer noopener\">https:\/\/conso.bloctel.fr\/<\/a><\/p>\n\n\n\n<h2 class=\"wp-block-heading\">Cookies<\/h2>\n\n\n\n<p>Pour am\u00e9liorer l\u2019exp\u00e9rience utilisateur et collecter des donn\u00e9es statistiques sur le site, nous utilisons des cookies.<\/p>\n\n\n\n<p>Vous avec la possibilit\u00e9 de d\u00e9sactiver et supprimer des cookies. Pour cela, vous pouvez modifier les param\u00e8tres de votre navigateur :<\/p>\n\n\n\n<ul class=\"wp-block-list\">\n<li><a href=\"https:\/\/support.microsoft.com\/fr-fr\/help\/17442\/windows-internet-explorer-delete-manage-cookies\" target=\"_blank\" rel=\"noreferrer noopener\">Internet Explorer<\/a><\/li>\n\n\n\n<li><a href=\"https:\/\/support.mozilla.org\/fr\/kb\/activer-desactiver-cookies-preferences\" target=\"_blank\" rel=\"noreferrer noopener\">Firefox<\/a><\/li>\n\n\n\n<li><a href=\"https:\/\/www.apple.com\/legal\/privacy\/fr-ww\/cookies\/\" target=\"_blank\" rel=\"noreferrer noopener\">Safari<\/a><\/li>\n\n\n\n<li><a href=\"https:\/\/support.google.com\/chrome\/answer\/95647?hl=fr\" target=\"_blank\" rel=\"noreferrer noopener\">Chrome<\/a><\/li>\n\n\n\n<li><a href=\"http:\/\/help.opera.com\/Windows\/10.20\/fr\/cookies.html\" target=\"_blank\" rel=\"noreferrer noopener\">Opera<\/a><\/li>\n<\/ul>\n\n\n\n<p>Pour en savoir plus, nous vous invitons \u00e0 vous r\u00e9f\u00e9rer aux guides de la CNIL :&nbsp;<a href=\"https:\/\/www.cnil.fr\/fr\/cookies-les-outils-pour-les-maitriser\" target=\"_blank\" rel=\"noreferrer noopener\">https:\/\/www.cnil.fr\/fr\/cookies-les-outils-pour-les-maitriser<\/a><\/p>\n\n\n\n<p><\/p>\n\n\n\n<h2 class=\"wp-block-heading\">Avertissement<\/h2>\n\n\n\n<p>Toutes les informations contenues sur l\u2019ensemble du site web activpatrimonia.fr, le sont \u00e0 titre purement indicatif et non contractuel.<\/p>\n\n\n\n<p>La Soci\u00e9t\u00e9 Activ Patrimonia ne saurait garantir l\u2019exactitude, la compl\u00e9tude, l\u2019actualit\u00e9 des informations diffus\u00e9es sur le site.<\/p>\n\n\n\n<p>La Soci\u00e9t\u00e9 Activ Patrimonia met tout en \u0153uvre pour offrir aux utilisateurs des informations et des outils disponibles et v\u00e9rifi\u00e9s, mais ne saurait \u00eatre tenu pour responsable des erreurs, des omissions et d\u2019une absence de disponibilit\u00e9 des informations et des services.<\/p>\n\n\n\n<p>En cons\u00e9quence, l\u2019utilisateur reconna\u00eet utiliser ces informations sous sa responsabilit\u00e9 exclusive.<\/p>\n\n\n\n<h2 class=\"wp-block-heading\">Responsabilit\u00e9s<\/h2>\n\n\n\n<p>D\u2019une mani\u00e8re g\u00e9n\u00e9rale, la Soci\u00e9t\u00e9 Activ Patrimonia ne pourra \u00eatre tenu responsable de tous les dommages directs ou indirects r\u00e9sultant de l\u2019utilisation du site <a href=\"https:\/\/www.activpatrimonia.fr\/assurance\">https:\/\/www.activpatrimonia..fr<\/a>\u00a0ou\u00a0d\u2019autres sites qui lui sont li\u00e9s.<\/p>\n\n\n\n<p>Les sites ext\u00e9rieurs ayant un lien hypertexte avec le pr\u00e9sent site ne sont pas sous son contr\u00f4le la Soci\u00e9t\u00e9 Activ Patrimonia d\u00e9cline par cons\u00e9quent toute responsabilit\u00e9 quant \u00e0 leur contenu. L\u2019utilisateur est seul responsable de leur utilisation.<\/p>\n","protected":false},"excerpt":{"rendered":"<p>Mise \u00e0 jour le 26 f\u00e9vrier 2026 \u00e0 15h00 Activ Patrimonia est une marque d\u00e9pos\u00e9e par la Soci\u00e9t\u00e9 Activ Patrimonia Eurl. Le site internet activpatrimonia.fr est une propri\u00e9t\u00e9 de la Soci\u00e9t\u00e9 Activ Patrimonia Eurl. Les informations sont collect\u00e9es par la Soci\u00e9t\u00e9 Activ Patrimonia Eurl sont indispensables au traitement de vos [&hellip;]<\/p>\n","protected":false},"author":1,"featured_media":0,"parent":0,"menu_order":0,"comment_status":"closed","ping_status":"closed","template":"page-templates\/template-fullwidth.php","meta":{"footnotes":""},"class_list":["post-1018","page","type-page","status-publish","hentry"],"_links":{"self":[{"href":"https:\/\/www.activpatrimonia.fr\/gespat\/index.php\/wp-json\/wp\/v2\/pages\/1018","targetHints":{"allow":["GET"]}}],"collection":[{"href":"https:\/\/www.activpatrimonia.fr\/gespat\/index.php\/wp-json\/wp\/v2\/pages"}],"about":[{"href":"https:\/\/www.activpatrimonia.fr\/gespat\/index.php\/wp-json\/wp\/v2\/types\/page"}],"author":[{"embeddable":true,"href":"https:\/\/www.activpatrimonia.fr\/gespat\/index.php\/wp-json\/wp\/v2\/users\/1"}],"replies":[{"embeddable":true,"href":"https:\/\/www.activpatrimonia.fr\/gespat\/index.php\/wp-json\/wp\/v2\/comments?post=1018"}],"version-history":[{"count":7,"href":"https:\/\/www.activpatrimonia.fr\/gespat\/index.php\/wp-json\/wp\/v2\/pages\/1018\/revisions"}],"predecessor-version":[{"id":1840,"href":"https:\/\/www.activpatrimonia.fr\/gespat\/index.php\/wp-json\/wp\/v2\/pages\/1018\/revisions\/1840"}],"wp:attachment":[{"href":"https:\/\/www.activpatrimonia.fr\/gespat\/index.php\/wp-json\/wp\/v2\/media?parent=1018"}],"curies":[{"name":"wp","href":"https:\/\/api.w.org\/{rel}","templated":true}]}}