{"id":1471,"date":"2022-11-03T13:13:33","date_gmt":"2022-11-03T12:13:33","guid":{"rendered":"https:\/\/www.activpatrimonia.fr\/gespat\/?page_id=1471"},"modified":"2022-11-03T13:13:34","modified_gmt":"2022-11-03T12:13:34","slug":"document-dentree-en-relation-nature-du-conseil","status":"publish","type":"page","link":"https:\/\/www.activpatrimonia.fr\/gespat\/index.php\/document-dentree-en-relation-nature-du-conseil\/","title":{"rendered":"Document d&rsquo;Entr\u00e9e en relation &#8211; Nature du conseil"},"content":{"rendered":"\n<p>Nous vous rappelons que nous agissons dans le cadre d\u2019une prestation de conseil fournie \u00e0 titre&nbsp;non ind\u00e9pendant&nbsp;et conform\u00e9ment \u00e0 la r\u00e9glementation qui lui est applicable, le CIF peut percevoir des r\u00e9mun\u00e9rations, commissions ou avantages mon\u00e9taires ou non mon\u00e9taires en rapport avec la fourniture de la prestation de conseil, vers\u00e9s ou fournis par un tiers ou par une personne agissant pour le compte d&rsquo;un tiers, sous r\u00e9serve du respect des r\u00e8gles sur les avantages et r\u00e9mun\u00e9rations imposant l\u2019information du client, l\u2019obligation d\u2019am\u00e9lioration du service et le respect de l\u2019obligation d\u2019agir au mieux des int\u00e9r\u00eats du client.<\/p>\n\n\n\n<p>En application des diff\u00e9rentes l\u00e9gislations auxquelles nos activit\u00e9s sont soumises, nous vous invitons \u00e0 prendre connaissance des informations r\u00e8glementaires en t\u00e9l\u00e9chargeant notre Document d&rsquo;Entr\u00e9e en Relation : <\/p>\n\n\n\n<div data-wp-interactive=\"core\/file\" class=\"wp-block-file\"><object data-wp-bind--hidden=\"!state.hasPdfPreview\" hidden class=\"wp-block-file__embed\" data=\"https:\/\/www.activpatrimonia.fr\/gespat\/wp-content\/uploads\/2022\/11\/Document-dentree-en-Relation-2022.pdf\" type=\"application\/pdf\" style=\"width:100%;height:600px\" aria-label=\"Contenu embarqu\u00e9 Contenu embarqu\u00e9 Document-dentree-en-Relation-2022..\"><\/object><a id=\"wp-block-file--media-6eec65a9-635b-461b-833a-c18760b96ccc\" href=\"https:\/\/www.activpatrimonia.fr\/gespat\/wp-content\/uploads\/2022\/11\/Document-dentree-en-Relation-2022.pdf\">Document-dentree-en-Relation-2022<\/a><a href=\"https:\/\/www.activpatrimonia.fr\/gespat\/wp-content\/uploads\/2022\/11\/Document-dentree-en-Relation-2022.pdf\" class=\"wp-block-file__button\" download aria-describedby=\"wp-block-file--media-6eec65a9-635b-461b-833a-c18760b96ccc\">T\u00e9l\u00e9charger<\/a><\/div>\n","protected":false},"excerpt":{"rendered":"<p>Nous vous rappelons que nous agissons dans le cadre d\u2019une prestation de conseil fournie \u00e0 titre&nbsp;non ind\u00e9pendant&nbsp;et conform\u00e9ment \u00e0 la r\u00e9glementation qui lui est applicable, le CIF peut percevoir des r\u00e9mun\u00e9rations, commissions ou avantages mon\u00e9taires ou non mon\u00e9taires en rapport avec la fourniture de la prestation de conseil, vers\u00e9s ou [&hellip;]<\/p>\n","protected":false},"author":1,"featured_media":0,"parent":0,"menu_order":0,"comment_status":"closed","ping_status":"closed","template":"","meta":{"footnotes":""},"class_list":["post-1471","page","type-page","status-publish","hentry"],"_links":{"self":[{"href":"https:\/\/www.activpatrimonia.fr\/gespat\/index.php\/wp-json\/wp\/v2\/pages\/1471","targetHints":{"allow":["GET"]}}],"collection":[{"href":"https:\/\/www.activpatrimonia.fr\/gespat\/index.php\/wp-json\/wp\/v2\/pages"}],"about":[{"href":"https:\/\/www.activpatrimonia.fr\/gespat\/index.php\/wp-json\/wp\/v2\/types\/page"}],"author":[{"embeddable":true,"href":"https:\/\/www.activpatrimonia.fr\/gespat\/index.php\/wp-json\/wp\/v2\/users\/1"}],"replies":[{"embeddable":true,"href":"https:\/\/www.activpatrimonia.fr\/gespat\/index.php\/wp-json\/wp\/v2\/comments?post=1471"}],"version-history":[{"count":2,"href":"https:\/\/www.activpatrimonia.fr\/gespat\/index.php\/wp-json\/wp\/v2\/pages\/1471\/revisions"}],"predecessor-version":[{"id":1474,"href":"https:\/\/www.activpatrimonia.fr\/gespat\/index.php\/wp-json\/wp\/v2\/pages\/1471\/revisions\/1474"}],"wp:attachment":[{"href":"https:\/\/www.activpatrimonia.fr\/gespat\/index.php\/wp-json\/wp\/v2\/media?parent=1471"}],"curies":[{"name":"wp","href":"https:\/\/api.w.org\/{rel}","templated":true}]}}