{"id":1558,"date":"2024-02-09T11:14:44","date_gmt":"2024-02-09T10:14:44","guid":{"rendered":"https:\/\/www.activpatrimonia.fr\/gespat\/?page_id=1558"},"modified":"2024-02-09T11:22:50","modified_gmt":"2024-02-09T10:22:50","slug":"produits-obligataires","status":"publish","type":"page","link":"https:\/\/www.activpatrimonia.fr\/gespat\/index.php\/definition-des-principaux-placements\/produits-obligataires\/","title":{"rendered":"Produits obligataires"},"content":{"rendered":"\n<div id=\"ez-toc-container\" class=\"ez-toc-v2_0_81 counter-hierarchy ez-toc-counter ez-toc-grey ez-toc-container-direction\">\n<div class=\"ez-toc-title-container\">\n<p class=\"ez-toc-title\" style=\"cursor:inherit\">Table of Contents<\/p>\n<span class=\"ez-toc-title-toggle\"><a href=\"#\" class=\"ez-toc-pull-right ez-toc-btn ez-toc-btn-xs ez-toc-btn-default ez-toc-toggle\" aria-label=\"Toggle Table of Content\"><span class=\"ez-toc-js-icon-con\"><span class=\"\"><span class=\"eztoc-hide\" style=\"display:none;\">Toggle<\/span><span class=\"ez-toc-icon-toggle-span\"><svg style=\"fill: #999;color:#999\" xmlns=\"http:\/\/www.w3.org\/2000\/svg\" class=\"list-377408\" width=\"20px\" height=\"20px\" viewBox=\"0 0 24 24\" fill=\"none\"><path d=\"M6 6H4v2h2V6zm14 0H8v2h12V6zM4 11h2v2H4v-2zm16 0H8v2h12v-2zM4 16h2v2H4v-2zm16 0H8v2h12v-2z\" fill=\"currentColor\"><\/path><\/svg><svg style=\"fill: #999;color:#999\" class=\"arrow-unsorted-368013\" xmlns=\"http:\/\/www.w3.org\/2000\/svg\" width=\"10px\" height=\"10px\" viewBox=\"0 0 24 24\" version=\"1.2\" baseProfile=\"tiny\"><path d=\"M18.2 9.3l-6.2-6.3-6.2 6.3c-.2.2-.3.4-.3.7s.1.5.3.7c.2.2.4.3.7.3h11c.3 0 .5-.1.7-.3.2-.2.3-.5.3-.7s-.1-.5-.3-.7zM5.8 14.7l6.2 6.3 6.2-6.3c.2-.2.3-.5.3-.7s-.1-.5-.3-.7c-.2-.2-.4-.3-.7-.3h-11c-.3 0-.5.1-.7.3-.2.2-.3.5-.3.7s.1.5.3.7z\"\/><\/svg><\/span><\/span><\/span><\/a><\/span><\/div>\n<nav><ul class='ez-toc-list ez-toc-list-level-1 ' ><li class='ez-toc-page-1 ez-toc-heading-level-2'><a class=\"ez-toc-link ez-toc-heading-1\" href=\"https:\/\/www.activpatrimonia.fr\/gespat\/index.php\/definition-des-principaux-placements\/produits-obligataires\/#Caracteristiques\" >Caract\u00e9ristiques<\/a><\/li><li class='ez-toc-page-1 ez-toc-heading-level-2'><a class=\"ez-toc-link ez-toc-heading-2\" href=\"https:\/\/www.activpatrimonia.fr\/gespat\/index.php\/definition-des-principaux-placements\/produits-obligataires\/#Synthese_rendement_risque\" >Synth\u00e8se rendement \/ risque<\/a><\/li><\/ul><\/nav><\/div>\n<h2 class=\"wp-block-heading\"><span class=\"ez-toc-section\" id=\"Caracteristiques\"><\/span>Caract\u00e9ristiques<span class=\"ez-toc-section-end\"><\/span><\/h2>\n\n\n\n<p>Les obligations sont des titres n\u00e9gociables \u00e9mis par une entreprise priv\u00e9e ou publique ou par l&rsquo;Etat ou les collectivit\u00e9s locales (Tr\u00e9sor) en vue de financer un projet d&rsquo;investissement.<\/p>\n\n\n\n<p>Contrairement aux actions, une obligation ne repr\u00e9sente pas une part du capital mais une part de la dette.<br>Le porteur d&rsquo;une obligation d\u00e9tient une cr\u00e9ance sur son \u00e9metteur qui s&rsquo;engage \u00e0 rembourser le pr\u00eat \u00e0 une date et dans des conditions d\u00e9termin\u00e9es \u00e0 l&rsquo;avance dans le contrat d&rsquo;\u00e9mission.<\/p>\n\n\n\n<p>En contrepartie de l&rsquo;avance de fonds effectu\u00e9e au profit de l&rsquo;\u00e9metteur d&rsquo;obligations, l&rsquo;investisseur per\u00e7oit un revenu calcul\u00e9 en fonction de la valeur nominale de l&rsquo;obligation, du taux d&rsquo;int\u00e9r\u00eat et des modalit\u00e9s de remboursement.<br>Les obligations sont par nature des placements peu risqu\u00e9s : le porteur d&rsquo;une obligation est assur\u00e9 (sauf d\u00e9faillance de l&rsquo;\u00e9metteur) de voir sa cr\u00e9ance rembours\u00e9e \u00e0 l&rsquo;\u00e9ch\u00e9ance et de percevoir r\u00e9guli\u00e8rement un int\u00e9r\u00eat, et ce, m\u00eame si la soci\u00e9t\u00e9 ne r\u00e9alise pas de b\u00e9n\u00e9fice.<\/p>\n\n\n\n<p>En tant que cr\u00e9anciers de la soci\u00e9t\u00e9, les d\u00e9tenteurs d&rsquo;obligations sont certains d&rsquo;\u00eatre rembours\u00e9s avant les actionnaires ou associ\u00e9s. En cas de faillite, le porteur est donc plac\u00e9 en priorit\u00e9 par rapport aux actionnaires.<\/p>\n\n\n\n<p>La valeur d&rsquo;une obligation en bourse est, en principe, relativement stable. Elle est toujours proche de la valeur nominale alors que la valeur des actions est beaucoup plus fluctuante \u00e0 la hausse comme \u00e0 la baisse.<\/p>\n\n\n\n<h2 class=\"wp-block-heading\"><span class=\"ez-toc-section\" id=\"Synthese_rendement_risque\"><\/span>Synth\u00e8se rendement \/ risque<span class=\"ez-toc-section-end\"><\/span><\/h2>\n\n\n\n<figure class=\"wp-block-table\"><table class=\"has-fixed-layout\"><thead><tr><th class=\"has-text-align-center\" data-align=\"center\">Liquidit\u00e9<\/th><th class=\"has-text-align-center\" data-align=\"center\">Risque<\/th><th class=\"has-text-align-center\" data-align=\"center\">Esp\u00e9rance de profit<\/th><th class=\"has-text-align-center\" data-align=\"center\">Horizon de placement<\/th><\/tr><\/thead><tbody><tr><td class=\"has-text-align-center\" data-align=\"center\"><strong>Forte<\/strong><\/td><td class=\"has-text-align-center\" data-align=\"center\"><strong>Fort<\/strong><\/td><td class=\"has-text-align-center\" data-align=\"center\"><strong>Faible<\/strong><\/td><td class=\"has-text-align-center\" data-align=\"center\"><strong>Moyen terme<\/strong><\/td><\/tr><\/tbody><\/table><\/figure>\n\n\n\n<hr class=\"wp-block-separator has-alpha-channel-opacity\"\/>\n\n\n\n<p>Autres d\u00e9finitions :<\/p>\n\n\n<ul class=\"wp-block-page-list\"><li class=\"wp-block-pages-list__item\"><a class=\"wp-block-pages-list__item__link\" href=\"https:\/\/www.activpatrimonia.fr\/gespat\/index.php\/definition-des-principaux-placements\/fonds-euro\/\">Fonds euro<\/a><\/li><li class=\"wp-block-pages-list__item\"><a class=\"wp-block-pages-list__item__link\" href=\"https:\/\/www.activpatrimonia.fr\/gespat\/index.php\/definition-des-principaux-placements\/produits-monetaires\/\">Produits mon\u00e9taires<\/a><\/li><li class=\"wp-block-pages-list__item\"><a class=\"wp-block-pages-list__item__link\" href=\"https:\/\/www.activpatrimonia.fr\/gespat\/index.php\/definition-des-principaux-placements\/produits-obligataires\/\">Produits obligataires<\/a><\/li><li class=\"wp-block-pages-list__item\"><a class=\"wp-block-pages-list__item__link\" href=\"https:\/\/www.activpatrimonia.fr\/gespat\/index.php\/definition-des-principaux-placements\/produits-actions\/\">Produits actions<\/a><\/li><li class=\"wp-block-pages-list__item\"><a class=\"wp-block-pages-list__item__link\" href=\"https:\/\/www.activpatrimonia.fr\/gespat\/index.php\/definition-des-principaux-placements\/scpi\/\">SCPI<\/a><\/li><li class=\"wp-block-pages-list__item\"><a class=\"wp-block-pages-list__item__link\" href=\"https:\/\/www.activpatrimonia.fr\/gespat\/index.php\/definition-des-principaux-placements\/opci\/\">OPCI<\/a><\/li><li class=\"wp-block-pages-list__item\"><a class=\"wp-block-pages-list__item__link\" href=\"https:\/\/www.activpatrimonia.fr\/gespat\/index.php\/definition-des-principaux-placements\/capital-investissement\/\">Capital investissement<\/a><\/li><li class=\"wp-block-pages-list__item\"><a class=\"wp-block-pages-list__item__link\" href=\"https:\/\/www.activpatrimonia.fr\/gespat\/index.php\/definition-des-principaux-placements\/produits-structures\/\">Produits structur\u00e9s<\/a><\/li><li class=\"wp-block-pages-list__item\"><a class=\"wp-block-pages-list__item__link\" href=\"https:\/\/www.activpatrimonia.fr\/gespat\/index.php\/definition-des-principaux-placements\/sofica\/\">SOFICA<\/a><\/li><li class=\"wp-block-pages-list__item\"><a class=\"wp-block-pages-list__item__link\" href=\"https:\/\/www.activpatrimonia.fr\/gespat\/index.php\/definition-des-principaux-placements\/produits-obligataires-complexes\/\">Produits obligataires complexes<\/a><\/li><li class=\"wp-block-pages-list__item\"><a class=\"wp-block-pages-list__item__link\" href=\"https:\/\/www.activpatrimonia.fr\/gespat\/index.php\/definition-des-principaux-placements\/produits-actions-non-cotes\/\">Produits actions non cot\u00e9s<\/a><\/li><li class=\"wp-block-pages-list__item\"><a class=\"wp-block-pages-list__item__link\" href=\"https:\/\/www.activpatrimonia.fr\/gespat\/index.php\/definition-des-principaux-placements\/tracker\/\">Tracker<\/a><\/li><li class=\"wp-block-pages-list__item\"><a class=\"wp-block-pages-list__item__link\" href=\"https:\/\/www.activpatrimonia.fr\/gespat\/index.php\/definition-des-principaux-placements\/cfd\/\">CFD<\/a><\/li><li class=\"wp-block-pages-list__item\"><a class=\"wp-block-pages-list__item__link\" href=\"https:\/\/www.activpatrimonia.fr\/gespat\/index.php\/definition-des-principaux-placements\/futures\/\">Futures<\/a><\/li><li class=\"wp-block-pages-list__item\"><a class=\"wp-block-pages-list__item__link\" href=\"https:\/\/www.activpatrimonia.fr\/gespat\/index.php\/definition-des-principaux-placements\/options\/\">Options<\/a><\/li><li class=\"wp-block-pages-list__item\"><a class=\"wp-block-pages-list__item__link\" href=\"https:\/\/www.activpatrimonia.fr\/gespat\/index.php\/definition-des-principaux-placements\/warrant\/\">Warrant<\/a><\/li><li class=\"wp-block-pages-list__item\"><a class=\"wp-block-pages-list__item__link\" href=\"https:\/\/www.activpatrimonia.fr\/gespat\/index.php\/definition-des-principaux-placements\/turbo\/\">Turbo<\/a><\/li><\/ul>","protected":false},"excerpt":{"rendered":"<p>Caract\u00e9ristiques Les obligations sont des titres n\u00e9gociables \u00e9mis par une entreprise priv\u00e9e ou publique ou par l&rsquo;Etat ou les collectivit\u00e9s locales (Tr\u00e9sor) en vue de financer un projet d&rsquo;investissement. Contrairement aux actions, une obligation ne repr\u00e9sente pas une part du capital mais une part de la dette.Le porteur d&rsquo;une obligation [&hellip;]<\/p>\n","protected":false},"author":1,"featured_media":0,"parent":1549,"menu_order":3,"comment_status":"closed","ping_status":"closed","template":"","meta":{"footnotes":""},"class_list":["post-1558","page","type-page","status-publish","hentry"],"_links":{"self":[{"href":"https:\/\/www.activpatrimonia.fr\/gespat\/index.php\/wp-json\/wp\/v2\/pages\/1558","targetHints":{"allow":["GET"]}}],"collection":[{"href":"https:\/\/www.activpatrimonia.fr\/gespat\/index.php\/wp-json\/wp\/v2\/pages"}],"about":[{"href":"https:\/\/www.activpatrimonia.fr\/gespat\/index.php\/wp-json\/wp\/v2\/types\/page"}],"author":[{"embeddable":true,"href":"https:\/\/www.activpatrimonia.fr\/gespat\/index.php\/wp-json\/wp\/v2\/users\/1"}],"replies":[{"embeddable":true,"href":"https:\/\/www.activpatrimonia.fr\/gespat\/index.php\/wp-json\/wp\/v2\/comments?post=1558"}],"version-history":[{"count":1,"href":"https:\/\/www.activpatrimonia.fr\/gespat\/index.php\/wp-json\/wp\/v2\/pages\/1558\/revisions"}],"predecessor-version":[{"id":1559,"href":"https:\/\/www.activpatrimonia.fr\/gespat\/index.php\/wp-json\/wp\/v2\/pages\/1558\/revisions\/1559"}],"up":[{"embeddable":true,"href":"https:\/\/www.activpatrimonia.fr\/gespat\/index.php\/wp-json\/wp\/v2\/pages\/1549"}],"wp:attachment":[{"href":"https:\/\/www.activpatrimonia.fr\/gespat\/index.php\/wp-json\/wp\/v2\/media?parent=1558"}],"curies":[{"name":"wp","href":"https:\/\/api.w.org\/{rel}","templated":true}]}}