{"id":1560,"date":"2024-02-09T11:17:39","date_gmt":"2024-02-09T10:17:39","guid":{"rendered":"https:\/\/www.activpatrimonia.fr\/gespat\/?page_id=1560"},"modified":"2024-02-09T11:22:24","modified_gmt":"2024-02-09T10:22:24","slug":"produits-actions","status":"publish","type":"page","link":"https:\/\/www.activpatrimonia.fr\/gespat\/index.php\/definition-des-principaux-placements\/produits-actions\/","title":{"rendered":"Produits actions"},"content":{"rendered":"\n<div id=\"ez-toc-container\" class=\"ez-toc-v2_0_81 counter-hierarchy ez-toc-counter ez-toc-grey ez-toc-container-direction\">\n<div class=\"ez-toc-title-container\">\n<p class=\"ez-toc-title\" style=\"cursor:inherit\">Table of Contents<\/p>\n<span class=\"ez-toc-title-toggle\"><a href=\"#\" class=\"ez-toc-pull-right ez-toc-btn ez-toc-btn-xs ez-toc-btn-default ez-toc-toggle\" aria-label=\"Toggle Table of Content\"><span class=\"ez-toc-js-icon-con\"><span class=\"\"><span class=\"eztoc-hide\" style=\"display:none;\">Toggle<\/span><span class=\"ez-toc-icon-toggle-span\"><svg style=\"fill: #999;color:#999\" xmlns=\"http:\/\/www.w3.org\/2000\/svg\" class=\"list-377408\" width=\"20px\" height=\"20px\" viewBox=\"0 0 24 24\" fill=\"none\"><path d=\"M6 6H4v2h2V6zm14 0H8v2h12V6zM4 11h2v2H4v-2zm16 0H8v2h12v-2zM4 16h2v2H4v-2zm16 0H8v2h12v-2z\" fill=\"currentColor\"><\/path><\/svg><svg style=\"fill: #999;color:#999\" class=\"arrow-unsorted-368013\" xmlns=\"http:\/\/www.w3.org\/2000\/svg\" width=\"10px\" height=\"10px\" viewBox=\"0 0 24 24\" version=\"1.2\" baseProfile=\"tiny\"><path d=\"M18.2 9.3l-6.2-6.3-6.2 6.3c-.2.2-.3.4-.3.7s.1.5.3.7c.2.2.4.3.7.3h11c.3 0 .5-.1.7-.3.2-.2.3-.5.3-.7s-.1-.5-.3-.7zM5.8 14.7l6.2 6.3 6.2-6.3c.2-.2.3-.5.3-.7s-.1-.5-.3-.7c-.2-.2-.4-.3-.7-.3h-11c-.3 0-.5.1-.7.3-.2.2-.3.5-.3.7s.1.5.3.7z\"\/><\/svg><\/span><\/span><\/span><\/a><\/span><\/div>\n<nav><ul class='ez-toc-list ez-toc-list-level-1 ' ><li class='ez-toc-page-1 ez-toc-heading-level-2'><a class=\"ez-toc-link ez-toc-heading-1\" href=\"https:\/\/www.activpatrimonia.fr\/gespat\/index.php\/definition-des-principaux-placements\/produits-actions\/#Caracteristiques\" >Caract\u00e9ristiques<\/a><\/li><li class='ez-toc-page-1 ez-toc-heading-level-2'><a class=\"ez-toc-link ez-toc-heading-2\" href=\"https:\/\/www.activpatrimonia.fr\/gespat\/index.php\/definition-des-principaux-placements\/produits-actions\/#Synthese_rendement_risque\" >Synth\u00e8se rendement \/ risque<\/a><\/li><\/ul><\/nav><\/div>\n<h2 class=\"wp-block-heading\"><span class=\"ez-toc-section\" id=\"Caracteristiques\"><\/span>Caract\u00e9ristiques<span class=\"ez-toc-section-end\"><\/span><\/h2>\n\n\n\n<p>Les actions sont des valeurs mobili\u00e8res \u00e9mises par les soci\u00e9t\u00e9s de capitaux : soci\u00e9t\u00e9s anonymes (SA), soci\u00e9t\u00e9s en commandite par actions (SCA) et soci\u00e9t\u00e9s par actions simplifi\u00e9es (SAS).<\/p>\n\n\n\n<p>Elles conf\u00e8rent \u00e0 leur titulaire un droit de propri\u00e9t\u00e9 sur l&rsquo;entreprise.<\/p>\n\n\n\n<p>Les actions sont n\u00e9gociables et pr\u00e9sentent une source de revenus pour leur titulaire qui a le droit de participer aux r\u00e9sultats de la soci\u00e9t\u00e9 dont il est actionnaire par le biais de la distribution de dividendes.<\/p>\n\n\n\n<p>Les actions peuvent \u00e9galement permettre aux investisseurs d\u2019accumuler du capital, au sens o\u00f9 un actionnaire profite de l\u2019appr\u00e9ciation du cours de bourse. Toutefois, leur valeur fluctue fortement, il est donc pr\u00e9f\u00e9rable de pouvoir choisir le moment de leur revente. Il s&rsquo;agit d&rsquo;un investissement \u00e0 long terme.<\/p>\n\n\n\n<p>L&rsquo;actionnaire peut \u00e9galement participer aux d\u00e9cisions prises par les organes dirigeants et b\u00e9n\u00e9ficie d&rsquo;un droit d&rsquo;information.<\/p>\n\n\n\n<p>Vous pouvez acheter et vendre des actions en direct. Dans ce cas, il vous faudra disposer d\u2019un compte aupr\u00e8s d\u2019un interm\u00e9diaire financier (banque, soci\u00e9t\u00e9 de bourse, courtier en ligne, etc.). Vous pouvez aussi avoir recours \u00e0 des fonds d\u2019investissement (OPC, FIA,\u2026) comportant des actions, que l\u2019on retrouve notamment dans les contrats d\u2019assurance vie et de capitalisation.<\/p>\n\n\n\n<h2 class=\"wp-block-heading\"><span class=\"ez-toc-section\" id=\"Synthese_rendement_risque\"><\/span>Synth\u00e8se rendement \/ risque<span class=\"ez-toc-section-end\"><\/span><\/h2>\n\n\n\n<figure class=\"wp-block-table\"><table class=\"has-fixed-layout\"><thead><tr><th class=\"has-text-align-center\" data-align=\"center\">Liquidit\u00e9<\/th><th class=\"has-text-align-center\" data-align=\"center\">Risque<\/th><th class=\"has-text-align-center\" data-align=\"center\">Esp\u00e9rance de profit<\/th><th class=\"has-text-align-center\" data-align=\"center\">Horizon de placement<\/th><\/tr><\/thead><tbody><tr><td class=\"has-text-align-center\" data-align=\"center\"><strong>Forte<\/strong><\/td><td class=\"has-text-align-center\" data-align=\"center\"><strong>Fort<\/strong><\/td><td class=\"has-text-align-center\" data-align=\"center\"><strong>Forte<\/strong><\/td><td class=\"has-text-align-center\" data-align=\"center\"><strong>Long terme<\/strong><\/td><\/tr><\/tbody><\/table><\/figure>\n\n\n\n<hr class=\"wp-block-separator has-alpha-channel-opacity\"\/>\n\n\n\n<p>Autres d\u00e9finitions :<\/p>\n\n\n<ul class=\"wp-block-page-list\"><li class=\"wp-block-pages-list__item\"><a class=\"wp-block-pages-list__item__link\" href=\"https:\/\/www.activpatrimonia.fr\/gespat\/index.php\/definition-des-principaux-placements\/fonds-euro\/\">Fonds euro<\/a><\/li><li class=\"wp-block-pages-list__item\"><a class=\"wp-block-pages-list__item__link\" href=\"https:\/\/www.activpatrimonia.fr\/gespat\/index.php\/definition-des-principaux-placements\/produits-monetaires\/\">Produits mon\u00e9taires<\/a><\/li><li class=\"wp-block-pages-list__item\"><a class=\"wp-block-pages-list__item__link\" href=\"https:\/\/www.activpatrimonia.fr\/gespat\/index.php\/definition-des-principaux-placements\/produits-obligataires\/\">Produits obligataires<\/a><\/li><li class=\"wp-block-pages-list__item\"><a class=\"wp-block-pages-list__item__link\" href=\"https:\/\/www.activpatrimonia.fr\/gespat\/index.php\/definition-des-principaux-placements\/produits-actions\/\">Produits actions<\/a><\/li><li class=\"wp-block-pages-list__item\"><a class=\"wp-block-pages-list__item__link\" href=\"https:\/\/www.activpatrimonia.fr\/gespat\/index.php\/definition-des-principaux-placements\/scpi\/\">SCPI<\/a><\/li><li class=\"wp-block-pages-list__item\"><a class=\"wp-block-pages-list__item__link\" href=\"https:\/\/www.activpatrimonia.fr\/gespat\/index.php\/definition-des-principaux-placements\/opci\/\">OPCI<\/a><\/li><li class=\"wp-block-pages-list__item\"><a class=\"wp-block-pages-list__item__link\" href=\"https:\/\/www.activpatrimonia.fr\/gespat\/index.php\/definition-des-principaux-placements\/capital-investissement\/\">Capital investissement<\/a><\/li><li class=\"wp-block-pages-list__item\"><a class=\"wp-block-pages-list__item__link\" href=\"https:\/\/www.activpatrimonia.fr\/gespat\/index.php\/definition-des-principaux-placements\/produits-structures\/\">Produits structur\u00e9s<\/a><\/li><li class=\"wp-block-pages-list__item\"><a class=\"wp-block-pages-list__item__link\" href=\"https:\/\/www.activpatrimonia.fr\/gespat\/index.php\/definition-des-principaux-placements\/sofica\/\">SOFICA<\/a><\/li><li class=\"wp-block-pages-list__item\"><a class=\"wp-block-pages-list__item__link\" href=\"https:\/\/www.activpatrimonia.fr\/gespat\/index.php\/definition-des-principaux-placements\/produits-obligataires-complexes\/\">Produits obligataires complexes<\/a><\/li><li class=\"wp-block-pages-list__item\"><a class=\"wp-block-pages-list__item__link\" href=\"https:\/\/www.activpatrimonia.fr\/gespat\/index.php\/definition-des-principaux-placements\/produits-actions-non-cotes\/\">Produits actions non cot\u00e9s<\/a><\/li><li class=\"wp-block-pages-list__item\"><a class=\"wp-block-pages-list__item__link\" href=\"https:\/\/www.activpatrimonia.fr\/gespat\/index.php\/definition-des-principaux-placements\/tracker\/\">Tracker<\/a><\/li><li class=\"wp-block-pages-list__item\"><a class=\"wp-block-pages-list__item__link\" href=\"https:\/\/www.activpatrimonia.fr\/gespat\/index.php\/definition-des-principaux-placements\/cfd\/\">CFD<\/a><\/li><li class=\"wp-block-pages-list__item\"><a class=\"wp-block-pages-list__item__link\" href=\"https:\/\/www.activpatrimonia.fr\/gespat\/index.php\/definition-des-principaux-placements\/futures\/\">Futures<\/a><\/li><li class=\"wp-block-pages-list__item\"><a class=\"wp-block-pages-list__item__link\" href=\"https:\/\/www.activpatrimonia.fr\/gespat\/index.php\/definition-des-principaux-placements\/options\/\">Options<\/a><\/li><li class=\"wp-block-pages-list__item\"><a class=\"wp-block-pages-list__item__link\" href=\"https:\/\/www.activpatrimonia.fr\/gespat\/index.php\/definition-des-principaux-placements\/warrant\/\">Warrant<\/a><\/li><li class=\"wp-block-pages-list__item\"><a class=\"wp-block-pages-list__item__link\" href=\"https:\/\/www.activpatrimonia.fr\/gespat\/index.php\/definition-des-principaux-placements\/turbo\/\">Turbo<\/a><\/li><\/ul>","protected":false},"excerpt":{"rendered":"<p>Caract\u00e9ristiques Les actions sont des valeurs mobili\u00e8res \u00e9mises par les soci\u00e9t\u00e9s de capitaux : soci\u00e9t\u00e9s anonymes (SA), soci\u00e9t\u00e9s en commandite par actions (SCA) et soci\u00e9t\u00e9s par actions simplifi\u00e9es (SAS). Elles conf\u00e8rent \u00e0 leur titulaire un droit de propri\u00e9t\u00e9 sur l&rsquo;entreprise. Les actions sont n\u00e9gociables et pr\u00e9sentent une source de revenus [&hellip;]<\/p>\n","protected":false},"author":1,"featured_media":0,"parent":1549,"menu_order":4,"comment_status":"closed","ping_status":"closed","template":"","meta":{"footnotes":""},"class_list":["post-1560","page","type-page","status-publish","hentry"],"_links":{"self":[{"href":"https:\/\/www.activpatrimonia.fr\/gespat\/index.php\/wp-json\/wp\/v2\/pages\/1560","targetHints":{"allow":["GET"]}}],"collection":[{"href":"https:\/\/www.activpatrimonia.fr\/gespat\/index.php\/wp-json\/wp\/v2\/pages"}],"about":[{"href":"https:\/\/www.activpatrimonia.fr\/gespat\/index.php\/wp-json\/wp\/v2\/types\/page"}],"author":[{"embeddable":true,"href":"https:\/\/www.activpatrimonia.fr\/gespat\/index.php\/wp-json\/wp\/v2\/users\/1"}],"replies":[{"embeddable":true,"href":"https:\/\/www.activpatrimonia.fr\/gespat\/index.php\/wp-json\/wp\/v2\/comments?post=1560"}],"version-history":[{"count":1,"href":"https:\/\/www.activpatrimonia.fr\/gespat\/index.php\/wp-json\/wp\/v2\/pages\/1560\/revisions"}],"predecessor-version":[{"id":1561,"href":"https:\/\/www.activpatrimonia.fr\/gespat\/index.php\/wp-json\/wp\/v2\/pages\/1560\/revisions\/1561"}],"up":[{"embeddable":true,"href":"https:\/\/www.activpatrimonia.fr\/gespat\/index.php\/wp-json\/wp\/v2\/pages\/1549"}],"wp:attachment":[{"href":"https:\/\/www.activpatrimonia.fr\/gespat\/index.php\/wp-json\/wp\/v2\/media?parent=1560"}],"curies":[{"name":"wp","href":"https:\/\/api.w.org\/{rel}","templated":true}]}}