{"id":1570,"date":"2024-02-09T13:59:27","date_gmt":"2024-02-09T12:59:27","guid":{"rendered":"https:\/\/www.activpatrimonia.fr\/gespat\/?page_id=1570"},"modified":"2024-02-09T13:59:28","modified_gmt":"2024-02-09T12:59:28","slug":"produits-structures","status":"publish","type":"page","link":"https:\/\/www.activpatrimonia.fr\/gespat\/index.php\/definition-des-principaux-placements\/produits-structures\/","title":{"rendered":"Produits structur\u00e9s"},"content":{"rendered":"\n<div id=\"ez-toc-container\" class=\"ez-toc-v2_0_81 counter-hierarchy ez-toc-counter ez-toc-grey ez-toc-container-direction\">\n<div class=\"ez-toc-title-container\">\n<p class=\"ez-toc-title\" style=\"cursor:inherit\">Table of Contents<\/p>\n<span class=\"ez-toc-title-toggle\"><a href=\"#\" class=\"ez-toc-pull-right ez-toc-btn ez-toc-btn-xs ez-toc-btn-default ez-toc-toggle\" aria-label=\"Toggle Table of Content\"><span class=\"ez-toc-js-icon-con\"><span class=\"\"><span class=\"eztoc-hide\" style=\"display:none;\">Toggle<\/span><span class=\"ez-toc-icon-toggle-span\"><svg style=\"fill: #999;color:#999\" xmlns=\"http:\/\/www.w3.org\/2000\/svg\" class=\"list-377408\" width=\"20px\" height=\"20px\" viewBox=\"0 0 24 24\" fill=\"none\"><path d=\"M6 6H4v2h2V6zm14 0H8v2h12V6zM4 11h2v2H4v-2zm16 0H8v2h12v-2zM4 16h2v2H4v-2zm16 0H8v2h12v-2z\" fill=\"currentColor\"><\/path><\/svg><svg style=\"fill: #999;color:#999\" class=\"arrow-unsorted-368013\" xmlns=\"http:\/\/www.w3.org\/2000\/svg\" width=\"10px\" height=\"10px\" viewBox=\"0 0 24 24\" version=\"1.2\" baseProfile=\"tiny\"><path d=\"M18.2 9.3l-6.2-6.3-6.2 6.3c-.2.2-.3.4-.3.7s.1.5.3.7c.2.2.4.3.7.3h11c.3 0 .5-.1.7-.3.2-.2.3-.5.3-.7s-.1-.5-.3-.7zM5.8 14.7l6.2 6.3 6.2-6.3c.2-.2.3-.5.3-.7s-.1-.5-.3-.7c-.2-.2-.4-.3-.7-.3h-11c-.3 0-.5.1-.7.3-.2.2-.3.5-.3.7s.1.5.3.7z\"\/><\/svg><\/span><\/span><\/span><\/a><\/span><\/div>\n<nav><ul class='ez-toc-list ez-toc-list-level-1 ' ><li class='ez-toc-page-1 ez-toc-heading-level-2'><a class=\"ez-toc-link ez-toc-heading-1\" href=\"https:\/\/www.activpatrimonia.fr\/gespat\/index.php\/definition-des-principaux-placements\/produits-structures\/#Caracteristiques\" >Caract\u00e9ristiques<\/a><\/li><li class='ez-toc-page-1 ez-toc-heading-level-2'><a class=\"ez-toc-link ez-toc-heading-2\" href=\"https:\/\/www.activpatrimonia.fr\/gespat\/index.php\/definition-des-principaux-placements\/produits-structures\/#Synthese_rendement_risque\" >Synth\u00e8se rendement \/ risque<\/a><\/li><\/ul><\/nav><\/div>\n<h2 class=\"wp-block-heading\"><span class=\"ez-toc-section\" id=\"Caracteristiques\"><\/span>Caract\u00e9ristiques<span class=\"ez-toc-section-end\"><\/span><\/h2>\n\n\n\n<p>Un produit structur\u00e9 est une combinaison de plusieurs produits financiers dont la valeur d\u00e9pend de la performance d\u2019une r\u00e9f\u00e9rence sous-jacente (actions, indices, panier de valeurs, etc.) et dont les r\u00e8gles de fonctionnement sont pr\u00e9cis\u00e9es par contrat.<\/p>\n\n\n\n<p>Les produits structur\u00e9s sont des montages financiers alternatifs \u00e0 des placements classiques, con\u00e7us en toute transparence et dans un cadre tr\u00e8s r\u00e9glement\u00e9.<\/p>\n\n\n\n<p>Il existe des formes tr\u00e8s vari\u00e9es de produits structur\u00e9s et notamment :<\/p>\n\n\n\n<ul class=\"wp-block-list\">\n<li><strong>Les produits \u00e0 capital garanti<\/strong> qui prot\u00e8gent partiellement ou totalement le capital investi en cas de baisse du sous-jacent,<\/li>\n\n\n\n<li><strong>Les produits de rendement<\/strong> qui procurent un coupon annuel plus ou moins \u00e9lev\u00e9 et prot\u00e8gent le capital en cas de baisse limit\u00e9e du sous-jacent,<\/li>\n\n\n\n<li><strong>Les produits de participation<\/strong> qui permettent d\u2019\u00eatre investi \u00e0 100 % sur un sous-jacent,<\/li>\n\n\n\n<li><strong>Les produits \u00e0 effet de levier<\/strong> qui permettent une mise de fonds limit\u00e9e avec effet d\u00e9multiplicateur des gains et des pertes (forte exposition au risque).<\/li>\n<\/ul>\n\n\n\n<p>Initialement con\u00e7u pour le compte-titre ordinaire, les produits structur\u00e9s sont \u00e9galement accessibles en tant qu\u2019unit\u00e9s de compte dans un contrat d\u2019assurance vie ou de capitalisation. Ils permettent aux investisseurs de diversifier leurs classes d\u2019actifs selon leur profil de risque et de tirer profit des opportunit\u00e9s de placement selon les configurations de march\u00e9 ;<\/p>\n\n\n\n<h2 class=\"wp-block-heading\"><span class=\"ez-toc-section\" id=\"Synthese_rendement_risque\"><\/span>Synth\u00e8se rendement \/ risque<span class=\"ez-toc-section-end\"><\/span><\/h2>\n\n\n\n<figure class=\"wp-block-table\"><table class=\"has-fixed-layout\"><thead><tr><th class=\"has-text-align-center\" data-align=\"center\">Liquidit\u00e9<\/th><th class=\"has-text-align-center\" data-align=\"center\">Risque<\/th><th class=\"has-text-align-center\" data-align=\"center\">Esp\u00e9rance de profit<\/th><th class=\"has-text-align-center\" data-align=\"center\">Horizon de placement<\/th><\/tr><\/thead><tbody><tr><td class=\"has-text-align-center\" data-align=\"center\"><strong>Selon<\/strong><\/td><td class=\"has-text-align-center\" data-align=\"center\"><strong>la structure<\/strong><\/td><td class=\"has-text-align-center\" data-align=\"center\"><strong>du produit<\/strong><\/td><td class=\"has-text-align-center\" data-align=\"center\"><strong>Long terme<\/strong><\/td><\/tr><\/tbody><\/table><\/figure>\n\n\n\n<hr class=\"wp-block-separator has-alpha-channel-opacity\"\/>\n\n\n\n<p>Autres d\u00e9finitions :<\/p>\n\n\n<ul class=\"wp-block-page-list\"><li class=\"wp-block-pages-list__item\"><a class=\"wp-block-pages-list__item__link\" href=\"https:\/\/www.activpatrimonia.fr\/gespat\/index.php\/definition-des-principaux-placements\/fonds-euro\/\">Fonds euro<\/a><\/li><li class=\"wp-block-pages-list__item\"><a class=\"wp-block-pages-list__item__link\" href=\"https:\/\/www.activpatrimonia.fr\/gespat\/index.php\/definition-des-principaux-placements\/produits-monetaires\/\">Produits mon\u00e9taires<\/a><\/li><li class=\"wp-block-pages-list__item\"><a class=\"wp-block-pages-list__item__link\" href=\"https:\/\/www.activpatrimonia.fr\/gespat\/index.php\/definition-des-principaux-placements\/produits-obligataires\/\">Produits obligataires<\/a><\/li><li class=\"wp-block-pages-list__item\"><a class=\"wp-block-pages-list__item__link\" href=\"https:\/\/www.activpatrimonia.fr\/gespat\/index.php\/definition-des-principaux-placements\/produits-actions\/\">Produits actions<\/a><\/li><li class=\"wp-block-pages-list__item\"><a class=\"wp-block-pages-list__item__link\" href=\"https:\/\/www.activpatrimonia.fr\/gespat\/index.php\/definition-des-principaux-placements\/scpi\/\">SCPI<\/a><\/li><li class=\"wp-block-pages-list__item\"><a class=\"wp-block-pages-list__item__link\" href=\"https:\/\/www.activpatrimonia.fr\/gespat\/index.php\/definition-des-principaux-placements\/opci\/\">OPCI<\/a><\/li><li class=\"wp-block-pages-list__item\"><a class=\"wp-block-pages-list__item__link\" href=\"https:\/\/www.activpatrimonia.fr\/gespat\/index.php\/definition-des-principaux-placements\/capital-investissement\/\">Capital investissement<\/a><\/li><li class=\"wp-block-pages-list__item\"><a class=\"wp-block-pages-list__item__link\" href=\"https:\/\/www.activpatrimonia.fr\/gespat\/index.php\/definition-des-principaux-placements\/produits-structures\/\">Produits structur\u00e9s<\/a><\/li><li class=\"wp-block-pages-list__item\"><a class=\"wp-block-pages-list__item__link\" href=\"https:\/\/www.activpatrimonia.fr\/gespat\/index.php\/definition-des-principaux-placements\/sofica\/\">SOFICA<\/a><\/li><li class=\"wp-block-pages-list__item\"><a class=\"wp-block-pages-list__item__link\" href=\"https:\/\/www.activpatrimonia.fr\/gespat\/index.php\/definition-des-principaux-placements\/produits-obligataires-complexes\/\">Produits obligataires complexes<\/a><\/li><li class=\"wp-block-pages-list__item\"><a class=\"wp-block-pages-list__item__link\" href=\"https:\/\/www.activpatrimonia.fr\/gespat\/index.php\/definition-des-principaux-placements\/produits-actions-non-cotes\/\">Produits actions non cot\u00e9s<\/a><\/li><li class=\"wp-block-pages-list__item\"><a class=\"wp-block-pages-list__item__link\" href=\"https:\/\/www.activpatrimonia.fr\/gespat\/index.php\/definition-des-principaux-placements\/tracker\/\">Tracker<\/a><\/li><li class=\"wp-block-pages-list__item\"><a class=\"wp-block-pages-list__item__link\" href=\"https:\/\/www.activpatrimonia.fr\/gespat\/index.php\/definition-des-principaux-placements\/cfd\/\">CFD<\/a><\/li><li class=\"wp-block-pages-list__item\"><a class=\"wp-block-pages-list__item__link\" href=\"https:\/\/www.activpatrimonia.fr\/gespat\/index.php\/definition-des-principaux-placements\/futures\/\">Futures<\/a><\/li><li class=\"wp-block-pages-list__item\"><a class=\"wp-block-pages-list__item__link\" href=\"https:\/\/www.activpatrimonia.fr\/gespat\/index.php\/definition-des-principaux-placements\/options\/\">Options<\/a><\/li><li class=\"wp-block-pages-list__item\"><a class=\"wp-block-pages-list__item__link\" href=\"https:\/\/www.activpatrimonia.fr\/gespat\/index.php\/definition-des-principaux-placements\/warrant\/\">Warrant<\/a><\/li><li class=\"wp-block-pages-list__item\"><a class=\"wp-block-pages-list__item__link\" href=\"https:\/\/www.activpatrimonia.fr\/gespat\/index.php\/definition-des-principaux-placements\/turbo\/\">Turbo<\/a><\/li><\/ul>","protected":false},"excerpt":{"rendered":"<p>Caract\u00e9ristiques Un produit structur\u00e9 est une combinaison de plusieurs produits financiers dont la valeur d\u00e9pend de la performance d\u2019une r\u00e9f\u00e9rence sous-jacente (actions, indices, panier de valeurs, etc.) et dont les r\u00e8gles de fonctionnement sont pr\u00e9cis\u00e9es par contrat. Les produits structur\u00e9s sont des montages financiers alternatifs \u00e0 des placements classiques, con\u00e7us [&hellip;]<\/p>\n","protected":false},"author":1,"featured_media":0,"parent":1549,"menu_order":8,"comment_status":"closed","ping_status":"closed","template":"","meta":{"footnotes":""},"class_list":["post-1570","page","type-page","status-publish","hentry"],"_links":{"self":[{"href":"https:\/\/www.activpatrimonia.fr\/gespat\/index.php\/wp-json\/wp\/v2\/pages\/1570","targetHints":{"allow":["GET"]}}],"collection":[{"href":"https:\/\/www.activpatrimonia.fr\/gespat\/index.php\/wp-json\/wp\/v2\/pages"}],"about":[{"href":"https:\/\/www.activpatrimonia.fr\/gespat\/index.php\/wp-json\/wp\/v2\/types\/page"}],"author":[{"embeddable":true,"href":"https:\/\/www.activpatrimonia.fr\/gespat\/index.php\/wp-json\/wp\/v2\/users\/1"}],"replies":[{"embeddable":true,"href":"https:\/\/www.activpatrimonia.fr\/gespat\/index.php\/wp-json\/wp\/v2\/comments?post=1570"}],"version-history":[{"count":1,"href":"https:\/\/www.activpatrimonia.fr\/gespat\/index.php\/wp-json\/wp\/v2\/pages\/1570\/revisions"}],"predecessor-version":[{"id":1571,"href":"https:\/\/www.activpatrimonia.fr\/gespat\/index.php\/wp-json\/wp\/v2\/pages\/1570\/revisions\/1571"}],"up":[{"embeddable":true,"href":"https:\/\/www.activpatrimonia.fr\/gespat\/index.php\/wp-json\/wp\/v2\/pages\/1549"}],"wp:attachment":[{"href":"https:\/\/www.activpatrimonia.fr\/gespat\/index.php\/wp-json\/wp\/v2\/media?parent=1570"}],"curies":[{"name":"wp","href":"https:\/\/api.w.org\/{rel}","templated":true}]}}