{"id":1648,"date":"2024-04-30T19:06:13","date_gmt":"2024-04-30T18:06:13","guid":{"rendered":"https:\/\/www.activpatrimonia.fr\/gespat\/?page_id=1648"},"modified":"2024-04-30T19:06:14","modified_gmt":"2024-04-30T18:06:14","slug":"futures","status":"publish","type":"page","link":"https:\/\/www.activpatrimonia.fr\/gespat\/index.php\/definition-des-principaux-placements\/futures\/","title":{"rendered":"Futures"},"content":{"rendered":"\n<div id=\"ez-toc-container\" class=\"ez-toc-v2_0_81 counter-hierarchy ez-toc-counter ez-toc-grey ez-toc-container-direction\">\n<div class=\"ez-toc-title-container\">\n<p class=\"ez-toc-title\" style=\"cursor:inherit\">Table of Contents<\/p>\n<span class=\"ez-toc-title-toggle\"><a href=\"#\" class=\"ez-toc-pull-right ez-toc-btn ez-toc-btn-xs ez-toc-btn-default ez-toc-toggle\" aria-label=\"Toggle Table of Content\"><span class=\"ez-toc-js-icon-con\"><span class=\"\"><span class=\"eztoc-hide\" style=\"display:none;\">Toggle<\/span><span class=\"ez-toc-icon-toggle-span\"><svg style=\"fill: #999;color:#999\" xmlns=\"http:\/\/www.w3.org\/2000\/svg\" class=\"list-377408\" width=\"20px\" height=\"20px\" viewBox=\"0 0 24 24\" fill=\"none\"><path d=\"M6 6H4v2h2V6zm14 0H8v2h12V6zM4 11h2v2H4v-2zm16 0H8v2h12v-2zM4 16h2v2H4v-2zm16 0H8v2h12v-2z\" fill=\"currentColor\"><\/path><\/svg><svg style=\"fill: #999;color:#999\" class=\"arrow-unsorted-368013\" xmlns=\"http:\/\/www.w3.org\/2000\/svg\" width=\"10px\" height=\"10px\" viewBox=\"0 0 24 24\" version=\"1.2\" baseProfile=\"tiny\"><path d=\"M18.2 9.3l-6.2-6.3-6.2 6.3c-.2.2-.3.4-.3.7s.1.5.3.7c.2.2.4.3.7.3h11c.3 0 .5-.1.7-.3.2-.2.3-.5.3-.7s-.1-.5-.3-.7zM5.8 14.7l6.2 6.3 6.2-6.3c.2-.2.3-.5.3-.7s-.1-.5-.3-.7c-.2-.2-.4-.3-.7-.3h-11c-.3 0-.5.1-.7.3-.2.2-.3.5-.3.7s.1.5.3.7z\"\/><\/svg><\/span><\/span><\/span><\/a><\/span><\/div>\n<nav><ul class='ez-toc-list ez-toc-list-level-1 ' ><li class='ez-toc-page-1 ez-toc-heading-level-2'><a class=\"ez-toc-link ez-toc-heading-1\" href=\"https:\/\/www.activpatrimonia.fr\/gespat\/index.php\/definition-des-principaux-placements\/futures\/#Caracteristiques\" >Caract\u00e9ristiques<\/a><\/li><li class='ez-toc-page-1 ez-toc-heading-level-2'><a class=\"ez-toc-link ez-toc-heading-2\" href=\"https:\/\/www.activpatrimonia.fr\/gespat\/index.php\/definition-des-principaux-placements\/futures\/#Synthese_rendement_risque\" >Synth\u00e8se rendement \/ risque<\/a><\/li><\/ul><\/nav><\/div>\n<h2 class=\"wp-block-heading\"><span class=\"ez-toc-section\" id=\"Caracteristiques\"><\/span>Caract\u00e9ristiques<span class=\"ez-toc-section-end\"><\/span><\/h2>\n\n\n\n<p>Les futures sont des contrats \u00e0 terme fermes par lesquels un vendeur et un acheteur s&rsquo;engagent respectivement \u00e0 vendre et \u00e0 acheter \u00e0 un prix et \u00e0 une date d\u00e9termin\u00e9s un produit d\u00e9termin\u00e9. Ces contrats n\u00e9gociables en bourse, peuvent porter sur toutes sortes de valeurs (mati\u00e8res premi\u00e8res, produits financiers, indices\u2026).<\/p>\n\n\n\n<p>Ces contrats permettent de se pr\u00e9munir contre le risque de hausse des cours (ou des taux) pour l&rsquo;acqu\u00e9reur, et de baisse des cours (ou taux) pour les vendeurs.<\/p>\n\n\n\n<p>Ces contrats sont n\u00e9goci\u00e9s pour la grande majorit\u00e9, sur le MATIF (contrats portant sur les taux d&rsquo;int\u00e9r\u00eat et les marchandises) et sur le MONEP (pour les contrats portant sur des indices boursiers et des valeurs mobili\u00e8res).<\/p>\n\n\n\n<p>Un d\u00e9p\u00f4t de garantie (entre 5% et 10% de la valeur du future) est demand\u00e9 et des appels de marge sont vers\u00e9s en cas de gains ou de pertes potentiels.<\/p>\n\n\n\n<p>Le prix de n\u00e9gociation des contrats d\u00e9pend de l&rsquo;\u00e9volution du cours du produit sous-jacent : plus le cours du produit sous-jacent augmente, plus le prix de cession de la position acheteuse d&rsquo;un future augmentera dans la mesure o\u00f9 le contrat permettra d&rsquo;acqu\u00e9rir le sous-jacent \u00e0 un prix inf\u00e9rieur \u00e0 ce cours. Il d\u00e9pend \u00e9galement des anticipations des investisseurs et du temps restant \u00e0 courir jusqu&rsquo;\u00e0 l&rsquo;\u00e9ch\u00e9ance donn\u00e9e du contrat.<\/p>\n\n\n\n<h2 class=\"wp-block-heading\"><span class=\"ez-toc-section\" id=\"Synthese_rendement_risque\"><\/span>Synth\u00e8se rendement \/ risque<span class=\"ez-toc-section-end\"><\/span><\/h2>\n\n\n\n<figure class=\"wp-block-table\"><table class=\"has-fixed-layout\"><thead><tr><th class=\"has-text-align-center\" data-align=\"center\">Liquidit\u00e9<\/th><th class=\"has-text-align-center\" data-align=\"center\">Risque<\/th><th class=\"has-text-align-center\" data-align=\"center\">Esp\u00e9rance de profit<\/th><th class=\"has-text-align-center\" data-align=\"center\">Horizon de placement<\/th><\/tr><\/thead><tbody><tr><td class=\"has-text-align-center\" data-align=\"center\"><strong>Moyenne<\/strong><\/td><td class=\"has-text-align-center\" data-align=\"center\"><strong>Fort<\/strong><\/td><td class=\"has-text-align-center\" data-align=\"center\"><strong>Forte<\/strong><\/td><td class=\"has-text-align-center\" data-align=\"center\"><strong>Court terme<\/strong><\/td><\/tr><\/tbody><\/table><\/figure>\n\n\n\n<hr class=\"wp-block-separator has-alpha-channel-opacity\"\/>\n\n\n\n<p>Autres d\u00e9finitions :<\/p>\n\n\n<ul class=\"wp-block-page-list\"><li class=\"wp-block-pages-list__item\"><a class=\"wp-block-pages-list__item__link\" href=\"https:\/\/www.activpatrimonia.fr\/gespat\/index.php\/definition-des-principaux-placements\/fonds-euro\/\">Fonds euro<\/a><\/li><li class=\"wp-block-pages-list__item\"><a class=\"wp-block-pages-list__item__link\" href=\"https:\/\/www.activpatrimonia.fr\/gespat\/index.php\/definition-des-principaux-placements\/produits-monetaires\/\">Produits mon\u00e9taires<\/a><\/li><li class=\"wp-block-pages-list__item\"><a class=\"wp-block-pages-list__item__link\" href=\"https:\/\/www.activpatrimonia.fr\/gespat\/index.php\/definition-des-principaux-placements\/produits-obligataires\/\">Produits obligataires<\/a><\/li><li class=\"wp-block-pages-list__item\"><a class=\"wp-block-pages-list__item__link\" href=\"https:\/\/www.activpatrimonia.fr\/gespat\/index.php\/definition-des-principaux-placements\/produits-actions\/\">Produits actions<\/a><\/li><li class=\"wp-block-pages-list__item\"><a class=\"wp-block-pages-list__item__link\" href=\"https:\/\/www.activpatrimonia.fr\/gespat\/index.php\/definition-des-principaux-placements\/scpi\/\">SCPI<\/a><\/li><li class=\"wp-block-pages-list__item\"><a class=\"wp-block-pages-list__item__link\" href=\"https:\/\/www.activpatrimonia.fr\/gespat\/index.php\/definition-des-principaux-placements\/opci\/\">OPCI<\/a><\/li><li class=\"wp-block-pages-list__item\"><a class=\"wp-block-pages-list__item__link\" href=\"https:\/\/www.activpatrimonia.fr\/gespat\/index.php\/definition-des-principaux-placements\/capital-investissement\/\">Capital investissement<\/a><\/li><li class=\"wp-block-pages-list__item\"><a class=\"wp-block-pages-list__item__link\" href=\"https:\/\/www.activpatrimonia.fr\/gespat\/index.php\/definition-des-principaux-placements\/produits-structures\/\">Produits structur\u00e9s<\/a><\/li><li class=\"wp-block-pages-list__item\"><a class=\"wp-block-pages-list__item__link\" href=\"https:\/\/www.activpatrimonia.fr\/gespat\/index.php\/definition-des-principaux-placements\/sofica\/\">SOFICA<\/a><\/li><li class=\"wp-block-pages-list__item\"><a class=\"wp-block-pages-list__item__link\" href=\"https:\/\/www.activpatrimonia.fr\/gespat\/index.php\/definition-des-principaux-placements\/produits-obligataires-complexes\/\">Produits obligataires complexes<\/a><\/li><li class=\"wp-block-pages-list__item\"><a class=\"wp-block-pages-list__item__link\" href=\"https:\/\/www.activpatrimonia.fr\/gespat\/index.php\/definition-des-principaux-placements\/produits-actions-non-cotes\/\">Produits actions non cot\u00e9s<\/a><\/li><li class=\"wp-block-pages-list__item\"><a class=\"wp-block-pages-list__item__link\" href=\"https:\/\/www.activpatrimonia.fr\/gespat\/index.php\/definition-des-principaux-placements\/tracker\/\">Tracker<\/a><\/li><li class=\"wp-block-pages-list__item\"><a class=\"wp-block-pages-list__item__link\" href=\"https:\/\/www.activpatrimonia.fr\/gespat\/index.php\/definition-des-principaux-placements\/cfd\/\">CFD<\/a><\/li><li class=\"wp-block-pages-list__item\"><a class=\"wp-block-pages-list__item__link\" href=\"https:\/\/www.activpatrimonia.fr\/gespat\/index.php\/definition-des-principaux-placements\/futures\/\">Futures<\/a><\/li><li class=\"wp-block-pages-list__item\"><a class=\"wp-block-pages-list__item__link\" href=\"https:\/\/www.activpatrimonia.fr\/gespat\/index.php\/definition-des-principaux-placements\/options\/\">Options<\/a><\/li><li class=\"wp-block-pages-list__item\"><a class=\"wp-block-pages-list__item__link\" href=\"https:\/\/www.activpatrimonia.fr\/gespat\/index.php\/definition-des-principaux-placements\/warrant\/\">Warrant<\/a><\/li><li class=\"wp-block-pages-list__item\"><a class=\"wp-block-pages-list__item__link\" href=\"https:\/\/www.activpatrimonia.fr\/gespat\/index.php\/definition-des-principaux-placements\/turbo\/\">Turbo<\/a><\/li><\/ul>","protected":false},"excerpt":{"rendered":"<p>Caract\u00e9ristiques Les futures sont des contrats \u00e0 terme fermes par lesquels un vendeur et un acheteur s&rsquo;engagent respectivement \u00e0 vendre et \u00e0 acheter \u00e0 un prix et \u00e0 une date d\u00e9termin\u00e9s un produit d\u00e9termin\u00e9. Ces contrats n\u00e9gociables en bourse, peuvent porter sur toutes sortes de valeurs (mati\u00e8res premi\u00e8res, produits financiers, [&hellip;]<\/p>\n","protected":false},"author":1,"featured_media":0,"parent":1549,"menu_order":14,"comment_status":"closed","ping_status":"closed","template":"","meta":{"footnotes":""},"class_list":["post-1648","page","type-page","status-publish","hentry"],"_links":{"self":[{"href":"https:\/\/www.activpatrimonia.fr\/gespat\/index.php\/wp-json\/wp\/v2\/pages\/1648","targetHints":{"allow":["GET"]}}],"collection":[{"href":"https:\/\/www.activpatrimonia.fr\/gespat\/index.php\/wp-json\/wp\/v2\/pages"}],"about":[{"href":"https:\/\/www.activpatrimonia.fr\/gespat\/index.php\/wp-json\/wp\/v2\/types\/page"}],"author":[{"embeddable":true,"href":"https:\/\/www.activpatrimonia.fr\/gespat\/index.php\/wp-json\/wp\/v2\/users\/1"}],"replies":[{"embeddable":true,"href":"https:\/\/www.activpatrimonia.fr\/gespat\/index.php\/wp-json\/wp\/v2\/comments?post=1648"}],"version-history":[{"count":1,"href":"https:\/\/www.activpatrimonia.fr\/gespat\/index.php\/wp-json\/wp\/v2\/pages\/1648\/revisions"}],"predecessor-version":[{"id":1649,"href":"https:\/\/www.activpatrimonia.fr\/gespat\/index.php\/wp-json\/wp\/v2\/pages\/1648\/revisions\/1649"}],"up":[{"embeddable":true,"href":"https:\/\/www.activpatrimonia.fr\/gespat\/index.php\/wp-json\/wp\/v2\/pages\/1549"}],"wp:attachment":[{"href":"https:\/\/www.activpatrimonia.fr\/gespat\/index.php\/wp-json\/wp\/v2\/media?parent=1648"}],"curies":[{"name":"wp","href":"https:\/\/api.w.org\/{rel}","templated":true}]}}