{"id":1688,"date":"2025-03-04T21:25:27","date_gmt":"2025-03-04T20:25:27","guid":{"rendered":"https:\/\/www.activpatrimonia.fr\/gespat\/?page_id=1688"},"modified":"2025-03-05T09:33:16","modified_gmt":"2025-03-05T08:33:16","slug":"regroupez-vos-credits-allegez-vos-mensualites-et-faites-face-aux-imprevus-es","status":"publish","type":"page","link":"https:\/\/www.activpatrimonia.fr\/gespat\/index.php\/regroupez-vos-credits-allegez-vos-mensualites-et-faites-face-aux-imprevus-es\/","title":{"rendered":"Regroupez vos cr\u00e9dits, all\u00e9gez vos mensualit\u00e9s et faites face aux impr\u00e9vus !"},"content":{"rendered":"\n<div class=\"wp-block-columns is-layout-flex wp-container-core-columns-is-layout-9d6595d7 wp-block-columns-is-layout-flex\">\n<div class=\"wp-block-column is-layout-flow wp-block-column-is-layout-flow\" style=\"flex-basis:33.33%\">\n<figure class=\"wp-block-image size-full is-resized\"><a href=\"https:\/\/www.activpatrimonia.fr\/gespat\/wp-content\/uploads\/2025\/03\/image.png\"><img loading=\"lazy\" decoding=\"async\" width=\"512\" height=\"512\" src=\"https:\/\/www.activpatrimonia.fr\/gespat\/wp-content\/uploads\/2025\/03\/image.png\" alt=\"Rotation de la position du t\u00e9l\u00e9phone de l'horizontale \u00e0 la verticale - Ic\u00f4nes interface gratuites\" class=\"wp-image-1729\" style=\"width:41px\" srcset=\"https:\/\/www.activpatrimonia.fr\/gespat\/wp-content\/uploads\/2025\/03\/image.png 512w, https:\/\/www.activpatrimonia.fr\/gespat\/wp-content\/uploads\/2025\/03\/image-300x300.png 300w, https:\/\/www.activpatrimonia.fr\/gespat\/wp-content\/uploads\/2025\/03\/image-150x150.png 150w, https:\/\/www.activpatrimonia.fr\/gespat\/wp-content\/uploads\/2025\/03\/image-24x24.png 24w, https:\/\/www.activpatrimonia.fr\/gespat\/wp-content\/uploads\/2025\/03\/image-36x36.png 36w, https:\/\/www.activpatrimonia.fr\/gespat\/wp-content\/uploads\/2025\/03\/image-48x48.png 48w\" sizes=\"auto, (max-width: 512px) 100vw, 512px\" \/><\/a><figcaption class=\"wp-element-caption\">Pivotez votre smartphone<\/figcaption><\/figure>\n<\/div>\n\n\n\n<div class=\"wp-block-column is-layout-flow wp-block-column-is-layout-flow\" style=\"flex-basis:66.66%\"><\/div>\n<\/div>\n\n\n\n<iframe loading=\"lazy\" src=\"https:\/\/www.grouperaccord.fr\/prospects\/new?societe=2&#038;prescripteur=4715&#038;delapart=\" frameborder=\"0\" width=\"100%\" height=\"900\" ><\/iframe>\n\n\n\n<p>En partenariat avec Estim Finance &#8211; Groupe RACCORD<\/p>\n","protected":false},"excerpt":{"rendered":"<p>En partenariat avec Estim Finance &#8211; Groupe RACCORD<\/p>\n","protected":false},"author":1,"featured_media":0,"parent":0,"menu_order":0,"comment_status":"closed","ping_status":"closed","template":"page-templates\/template-fullwidth.php","meta":{"footnotes":""},"class_list":["post-1688","page","type-page","status-publish","hentry"],"_links":{"self":[{"href":"https:\/\/www.activpatrimonia.fr\/gespat\/index.php\/wp-json\/wp\/v2\/pages\/1688","targetHints":{"allow":["GET"]}}],"collection":[{"href":"https:\/\/www.activpatrimonia.fr\/gespat\/index.php\/wp-json\/wp\/v2\/pages"}],"about":[{"href":"https:\/\/www.activpatrimonia.fr\/gespat\/index.php\/wp-json\/wp\/v2\/types\/page"}],"author":[{"embeddable":true,"href":"https:\/\/www.activpatrimonia.fr\/gespat\/index.php\/wp-json\/wp\/v2\/users\/1"}],"replies":[{"embeddable":true,"href":"https:\/\/www.activpatrimonia.fr\/gespat\/index.php\/wp-json\/wp\/v2\/comments?post=1688"}],"version-history":[{"count":4,"href":"https:\/\/www.activpatrimonia.fr\/gespat\/index.php\/wp-json\/wp\/v2\/pages\/1688\/revisions"}],"predecessor-version":[{"id":1735,"href":"https:\/\/www.activpatrimonia.fr\/gespat\/index.php\/wp-json\/wp\/v2\/pages\/1688\/revisions\/1735"}],"wp:attachment":[{"href":"https:\/\/www.activpatrimonia.fr\/gespat\/index.php\/wp-json\/wp\/v2\/media?parent=1688"}],"curies":[{"name":"wp","href":"https:\/\/api.w.org\/{rel}","templated":true}]}}