{"id":1804,"date":"2026-02-26T16:42:52","date_gmt":"2026-02-26T15:42:52","guid":{"rendered":"https:\/\/www.activpatrimonia.fr\/gespat\/?page_id=1804"},"modified":"2026-02-27T16:09:49","modified_gmt":"2026-02-27T15:09:49","slug":"investir-dans-les-scpi","status":"publish","type":"page","link":"https:\/\/www.activpatrimonia.fr\/gespat\/index.php\/investir-dans-les-scpi\/","title":{"rendered":"SCPI : les 12 points essentiels pour investir en toute s\u00e9r\u00e9nit\u00e9 (guide \u00e0 t\u00e9l\u00e9charger)"},"content":{"rendered":"<div id=\"ez-toc-container\" class=\"ez-toc-v2_0_81 ez-toc-wrap-left counter-hierarchy ez-toc-counter ez-toc-grey ez-toc-container-direction\">\n<div class=\"ez-toc-title-container\">\n<p class=\"ez-toc-title\" style=\"cursor:inherit\">Contenus<\/p>\n<span class=\"ez-toc-title-toggle\"><a href=\"#\" class=\"ez-toc-pull-right ez-toc-btn ez-toc-btn-xs ez-toc-btn-default ez-toc-toggle\" aria-label=\"Toggle Table of Content\"><span class=\"ez-toc-js-icon-con\"><span class=\"\"><span class=\"eztoc-hide\" style=\"display:none;\">Toggle<\/span><span class=\"ez-toc-icon-toggle-span\"><svg style=\"fill: #999;color:#999\" xmlns=\"http:\/\/www.w3.org\/2000\/svg\" class=\"list-377408\" width=\"20px\" height=\"20px\" viewBox=\"0 0 24 24\" fill=\"none\"><path d=\"M6 6H4v2h2V6zm14 0H8v2h12V6zM4 11h2v2H4v-2zm16 0H8v2h12v-2zM4 16h2v2H4v-2zm16 0H8v2h12v-2z\" fill=\"currentColor\"><\/path><\/svg><svg style=\"fill: #999;color:#999\" class=\"arrow-unsorted-368013\" xmlns=\"http:\/\/www.w3.org\/2000\/svg\" width=\"10px\" height=\"10px\" viewBox=\"0 0 24 24\" version=\"1.2\" baseProfile=\"tiny\"><path d=\"M18.2 9.3l-6.2-6.3-6.2 6.3c-.2.2-.3.4-.3.7s.1.5.3.7c.2.2.4.3.7.3h11c.3 0 .5-.1.7-.3.2-.2.3-.5.3-.7s-.1-.5-.3-.7zM5.8 14.7l6.2 6.3 6.2-6.3c.2-.2.3-.5.3-.7s-.1-.5-.3-.7c-.2-.2-.4-.3-.7-.3h-11c-.3 0-.5.1-.7.3-.2.2-.3.5-.3.7s.1.5.3.7z\"\/><\/svg><\/span><\/span><\/span><\/a><\/span><\/div>\n<nav><ul class='ez-toc-list ez-toc-list-level-1 ' ><li class='ez-toc-page-1 ez-toc-heading-level-2'><a class=\"ez-toc-link ez-toc-heading-1\" href=\"https:\/\/www.activpatrimonia.fr\/gespat\/index.php\/investir-dans-les-scpi\/#Pourquoi_les_SCPI_attirent_les_investisseurs_exigeants\" >Pourquoi les SCPI attirent les investisseurs exigeants ?<\/a><\/li><li class='ez-toc-page-1 ez-toc-heading-level-2'><a class=\"ez-toc-link ez-toc-heading-2\" href=\"https:\/\/www.activpatrimonia.fr\/gespat\/index.php\/investir-dans-les-scpi\/#%F0%9F%8E%AF_Ce_que_vous_allez_decouvrir_dans_ce_livre_blanc\" >&#x1f3af; Ce que vous allez d\u00e9couvrir dans ce livre blanc<\/a><\/li><li class='ez-toc-page-1 ez-toc-heading-level-2'><a class=\"ez-toc-link ez-toc-heading-3\" href=\"https:\/\/www.activpatrimonia.fr\/gespat\/index.php\/investir-dans-les-scpi\/#Pourquoi_se_faire_accompagner_par_Activ_Patrimonia\" >Pourquoi se faire accompagner par Activ Patrimonia ?<\/a><\/li><li class='ez-toc-page-1 ez-toc-heading-level-2'><a class=\"ez-toc-link ez-toc-heading-4\" href=\"https:\/\/www.activpatrimonia.fr\/gespat\/index.php\/investir-dans-les-scpi\/#%F0%9F%93%A9_Recevez_gratuitement_votre_guide_diagnostic_offert\" >&#x1f4e9; Recevez gratuitement votre guide + diagnostic offert<\/a><\/li><\/ul><\/nav><\/div>\n\n<blockquote class=\"wp-block-quote is-layout-flow wp-block-quote-is-layout-flow\">\n<h3 class=\"wp-block-heading\">Revenus compl\u00e9mentaires, optimisation fiscale et strat\u00e9gie patrimoniale ma\u00eetris\u00e9e<\/h3>\n<\/blockquote>\n\n\n\n<h2 class=\"wp-block-heading\"><span class=\"ez-toc-section\" id=\"Pourquoi_les_SCPI_attirent_les_investisseurs_exigeants\"><\/span><strong>Pourquoi les SCPI attirent les investisseurs exigeants ?<\/strong><span class=\"ez-toc-section-end\"><\/span><\/h2>\n\n\n\n<ul class=\"wp-block-list\">\n<li>Rendement potentiel attractif<\/li>\n\n\n\n<li>Mutualisation du risque<\/li>\n\n\n\n<li>Gestion totalement d\u00e9l\u00e9gu\u00e9e<\/li>\n\n\n\n<li>Acc\u00e8s \u00e0 l\u2019immobilier professionnel<\/li>\n\n\n\n<li>Diversification europ\u00e9enne<\/li>\n<\/ul>\n\n\n\n<p>Mais attention : <br>Toutes les SCPI ne se valent pas.<br>Et toutes les strat\u00e9gies ne sont pas adapt\u00e9es \u00e0 votre situation fiscale.<\/p>\n\n\n\n<h2 class=\"wp-block-heading\"><span class=\"ez-toc-section\" id=\"%F0%9F%8E%AF_Ce_que_vous_allez_decouvrir_dans_ce_livre_blanc\"><\/span>&#x1f3af; <strong>Ce que vous allez d\u00e9couvrir dans ce livre blanc<\/strong><span class=\"ez-toc-section-end\"><\/span><\/h2>\n\n\n\n<p>&#x2714; Comment analyser une SCPI<br>&#x2714; Les indicateurs r\u00e9ellement importants<br>&#x2714; Cr\u00e9dit vs comptant : quelle strat\u00e9gie choisir ?<br>&#x2714; Comment r\u00e9duire l\u2019impact fiscal<br>&#x2714; Les erreurs fr\u00e9quentes \u00e0 \u00e9viter<\/p>\n\n\n\n<h2 class=\"wp-block-heading\"><span class=\"ez-toc-section\" id=\"Pourquoi_se_faire_accompagner_par_Activ_Patrimonia\"><\/span><strong>Pourquoi se faire accompagner par Activ Patrimonia ?<\/strong><span class=\"ez-toc-section-end\"><\/span><\/h2>\n\n\n\n<div class=\"wp-block-columns is-layout-flex wp-container-core-columns-is-layout-9d6595d7 wp-block-columns-is-layout-flex\">\n<div class=\"wp-block-column is-layout-flow wp-block-column-is-layout-flow\">\n<p><span class=\"wp-rich-text-font-awesome-icon wp-font-awesome-icon\"><svg aria-hidden=\"true\" focusable=\"false\" data-prefix=\"fas\" data-icon=\"check\" class=\"svg-inline--fa fa-check \" role=\"img\" xmlns=\"http:\/\/www.w3.org\/2000\/svg\" viewBox=\"0 0 512 512\"><path fill=\"currentColor\" d=\"M173.898 439.404l-166.4-166.4c-9.997-9.997-9.997-26.206 0-36.204l36.203-36.204c9.997-9.998 26.207-9.998 36.204 0L192 312.69 432.095 72.596c9.997-9.997 26.207-9.997 36.204 0l36.203 36.204c9.997 9.997 9.997 26.206 0 36.204l-294.4 294.401c-9.998 9.997-26.207 9.997-36.204-.001z\"><\/path><\/svg><\/span> Cabinet ind\u00e9pendant depuis 2007<\/p>\n\n\n\n<p><span class=\"wp-rich-text-font-awesome-icon wp-font-awesome-icon\"><svg aria-hidden=\"true\" focusable=\"false\" data-prefix=\"fas\" data-icon=\"check\" class=\"svg-inline--fa fa-check \" role=\"img\" xmlns=\"http:\/\/www.w3.org\/2000\/svg\" viewBox=\"0 0 512 512\"><path fill=\"currentColor\" d=\"M173.898 439.404l-166.4-166.4c-9.997-9.997-9.997-26.206 0-36.204l36.203-36.204c9.997-9.998 26.207-9.998 36.204 0L192 312.69 432.095 72.596c9.997-9.997 26.207-9.997 36.204 0l36.203 36.204c9.997 9.997 9.997 26.206 0 36.204l-294.4 294.401c-9.998 9.997-26.207 9.997-36.204-.001z\"><\/path><\/svg><\/span> Expert en optimisation fiscale du dirigeant<\/p>\n\n\n\n<p><span class=\"wp-rich-text-font-awesome-icon wp-font-awesome-icon\"><svg aria-hidden=\"true\" focusable=\"false\" data-prefix=\"fas\" data-icon=\"check\" class=\"svg-inline--fa fa-check \" role=\"img\" xmlns=\"http:\/\/www.w3.org\/2000\/svg\" viewBox=\"0 0 512 512\"><path fill=\"currentColor\" d=\"M173.898 439.404l-166.4-166.4c-9.997-9.997-9.997-26.206 0-36.204l36.203-36.204c9.997-9.998 26.207-9.998 36.204 0L192 312.69 432.095 72.596c9.997-9.997 26.207-9.997 36.204 0l36.203 36.204c9.997 9.997 9.997 26.206 0 36.204l-294.4 294.401c-9.998 9.997-26.207 9.997-36.204-.001z\"><\/path><\/svg><\/span> Approche strat\u00e9gique globale (pas de produit)<\/p>\n\n\n\n<p><span class=\"wp-rich-text-font-awesome-icon wp-font-awesome-icon\"><svg aria-hidden=\"true\" focusable=\"false\" data-prefix=\"fas\" data-icon=\"check\" class=\"svg-inline--fa fa-check \" role=\"img\" xmlns=\"http:\/\/www.w3.org\/2000\/svg\" viewBox=\"0 0 512 512\"><path fill=\"currentColor\" d=\"M173.898 439.404l-166.4-166.4c-9.997-9.997-9.997-26.206 0-36.204l36.203-36.204c9.997-9.998 26.207-9.998 36.204 0L192 312.69 432.095 72.596c9.997-9.997 26.207-9.997 36.204 0l36.203 36.204c9.997 9.997 9.997 26.206 0 36.204l-294.4 294.401c-9.998 9.997-26.207 9.997-36.204-.001z\"><\/path><\/svg><\/span> Simulations personnalis\u00e9es<\/p>\n\n\n\n<p><span class=\"wp-rich-text-font-awesome-icon wp-font-awesome-icon\"><svg aria-hidden=\"true\" focusable=\"false\" data-prefix=\"fas\" data-icon=\"check\" class=\"svg-inline--fa fa-check \" role=\"img\" xmlns=\"http:\/\/www.w3.org\/2000\/svg\" viewBox=\"0 0 512 512\"><path fill=\"currentColor\" d=\"M173.898 439.404l-166.4-166.4c-9.997-9.997-9.997-26.206 0-36.204l36.203-36.204c9.997-9.998 26.207-9.998 36.204 0L192 312.69 432.095 72.596c9.997-9.997 26.207-9.997 36.204 0l36.203 36.204c9.997 9.997 9.997 26.206 0 36.204l-294.4 294.401c-9.998 9.997-26.207 9.997-36.204-.001z\"><\/path><\/svg><\/span> Vision long terme et suivi<\/p>\n\n\n\n<p>Avant toute recommandation nous r\u00e9alisons :<\/p>\n\n\n\n<ul class=\"wp-block-list\">\n<li>un audit patrimonial<\/li>\n\n\n\n<li>une analyse fiscale<\/li>\n\n\n\n<li>une \u00e9tude d\u2019endettement<\/li>\n\n\n\n<li>une comparaison de strat\u00e9gies<\/li>\n\n\n\n<li>une projection retraite<\/li>\n<\/ul>\n<\/div>\n\n\n\n<div class=\"wp-block-column is-layout-flow wp-block-column-is-layout-flow\">\n<figure class=\"wp-block-image size-large\"><a href=\"https:\/\/www.activpatrimonia.fr\/gespat\/wp-content\/uploads\/2026\/02\/SCPI.png\"><img decoding=\"async\" src=\"https:\/\/www.activpatrimonia.fr\/gespat\/wp-content\/uploads\/2026\/02\/SCPI-1024x1024.png\" alt=\"SCPI\" class=\"wp-image-1807\"\/><\/a><\/figure>\n<\/div>\n<\/div>\n\n\n\n<h2 class=\"wp-block-heading\"><span class=\"ez-toc-section\" id=\"%F0%9F%93%A9_Recevez_gratuitement_votre_guide_diagnostic_offert\"><\/span>&#x1f4e9; <strong>Recevez gratuitement votre guide + diagnostic offert<\/strong><span class=\"ez-toc-section-end\"><\/span><\/h2>\n\n\n\n<p>Apr\u00e8s t\u00e9l\u00e9chargement, vous pourrez demander :<\/p>\n\n\n\n<p>&#x1f449; Une \u00e9tude personnalis\u00e9e confidentielle<br>&#x1f449; Une simulation de cr\u00e9dit<br>&#x1f449; Une strat\u00e9gie retraite sur mesure<\/p>\n\n\n\n<hr class=\"wp-block-separator has-alpha-channel-opacity\"\/>\n\n\n<div class=\"wpforms-container wpforms-container-full\" id=\"wpforms-1824\"><form id=\"wpforms-form-1824\" class=\"wpforms-validate wpforms-form wpforms-ajax-form\" data-formid=\"1824\" method=\"post\" enctype=\"multipart\/form-data\" action=\"\/gespat\/index.php\/wp-json\/wp\/v2\/pages\/1804\" data-token=\"e2a5b223255ac53afcf51a227a4539d9\" data-token-time=\"1776649836\"><noscript class=\"wpforms-error-noscript\">Veuillez activer JavaScript dans votre navigateur pour remplir ce formulaire.<\/noscript><div class=\"wpforms-field-container\"><div id=\"wpforms-1824-field_0-container\" class=\"wpforms-field wpforms-field-name\" data-field-id=\"0\"><label class=\"wpforms-field-label\" for=\"wpforms-1824-field_0\">Votre pr\u00e9nom <span class=\"wpforms-required-label\">*<\/span><\/label><input type=\"text\" id=\"wpforms-1824-field_0\" class=\"wpforms-field-medium wpforms-field-required\" name=\"wpforms[fields][0]\" required><\/div><div id=\"wpforms-1824-field_1-container\" class=\"wpforms-field wpforms-field-email\" data-field-id=\"1\"><label class=\"wpforms-field-label\">E-mail <span class=\"wpforms-required-label\">*<\/span><\/label><div class=\"wpforms-field-row wpforms-field-medium\"><div class=\"wpforms-field-row-block wpforms-one-half wpforms-first\"><input type=\"email\" id=\"wpforms-1824-field_1\" class=\"wpforms-field-required wpforms-field-email-primary\" name=\"wpforms[fields][1][primary]\" spellcheck=\"false\" required><label for=\"wpforms-1824-field_1\" class=\"wpforms-field-sublabel after\">E-mail<\/label><\/div><div class=\"wpforms-field-row-block wpforms-one-half\"><input type=\"email\" id=\"wpforms-1824-field_1-secondary\" class=\"wpforms-field-email-secondary wpforms-field-required\" data-rule-confirm=\"#wpforms-1824-field_1\" name=\"wpforms[fields][1][secondary]\" spellcheck=\"false\" required><label for=\"wpforms-1824-field_1-secondary\" class=\"wpforms-field-sublabel after\">Confirmez l\u2019e-mail<\/label><\/div><\/div><\/div><div id=\"wpforms-1824-field_4-container\" class=\"wpforms-field wpforms-field-gdpr-checkbox\" data-field-id=\"4\"><label class=\"wpforms-field-label\">Accord RGPD <span class=\"wpforms-required-label\">*<\/span><\/label><ul id=\"wpforms-1824-field_4\" class=\"wpforms-field-required\"><li class=\"choice-1\"><input type=\"checkbox\" id=\"wpforms-1824-field_4_1\" name=\"wpforms[fields][4][]\" value=\"Je consens \u00e0 ce qu&#039;Activ Patrimonia stocke mes informations envoy\u00e9es afin d&#039;obtenir r\u00e9ponse \u00e0 ma requ\u00eate.\" required ><label class=\"wpforms-field-label-inline\" for=\"wpforms-1824-field_4_1\">Je consens \u00e0 ce qu'Activ Patrimonia stocke mes informations envoy\u00e9es afin d'obtenir r\u00e9ponse \u00e0 ma requ\u00eate.<\/label><\/li><\/ul><\/div><\/div><!-- .wpforms-field-container --><div class=\"wpforms-submit-container\" ><input type=\"hidden\" name=\"wpforms[id]\" value=\"1824\"><input type=\"hidden\" name=\"page_title\" value=\"\"><input type=\"hidden\" name=\"page_url\" value=\"https:\/\/www.activpatrimonia.fr\/gespat\/index.php\/wp-json\/wp\/v2\/pages\/1804\"><input type=\"hidden\" name=\"url_referer\" value=\"\"><button type=\"submit\" name=\"wpforms[submit]\" id=\"wpforms-submit-1824\" class=\"wpforms-submit\" data-alt-text=\"demande envoy\u00e9e...\" data-submit-text=\"Je demande mon guide SCPI\" aria-live=\"assertive\" value=\"wpforms-submit\">Je demande mon guide SCPI<\/button><img loading=\"lazy\" decoding=\"async\" src=\"https:\/\/www.activpatrimonia.fr\/gespat\/wp-content\/plugins\/wpforms-lite\/assets\/images\/submit-spin.svg\" class=\"wpforms-submit-spinner\" style=\"display: none;\" width=\"26\" height=\"26\" alt=\"Chargement en cours\"><\/div><\/form><\/div>  <!-- .wpforms-container -->\n\n\n\n<hr class=\"wp-block-separator has-alpha-channel-opacity\"\/>\n\n\n\n<p>Pour aller plus loin consultez le site de l&rsquo;AMF : <a href=\"https:\/\/www.amf-france.org\/fr\/espace-epargnants\/comprendre-les-produits-financiers\/placements-collectifs\/immobilier-scpi-opci\" data-type=\"link\" data-id=\"https:\/\/www.amf-france.org\/fr\/espace-epargnants\/comprendre-les-produits-financiers\/placements-collectifs\/immobilier-scpi-opci\" target=\"_blank\" rel=\"noopener\">comprendre les produits financiers &#8211; Placements collectifs &#8211; Immobilier SCPI et OPCI<\/a><\/p>\n\n\n\n<p><\/p>\n","protected":false},"excerpt":{"rendered":"<p>Revenus compl\u00e9mentaires, optimisation fiscale et strat\u00e9gie patrimoniale ma\u00eetris\u00e9e Pourquoi les SCPI attirent les investisseurs exigeants ? Mais attention : Toutes les SCPI ne se valent pas.Et toutes les strat\u00e9gies ne sont pas adapt\u00e9es \u00e0 votre situation fiscale. &#x1f3af; Ce que vous allez d\u00e9couvrir dans ce livre blanc &#x2714; Comment analyser [&hellip;]<\/p>\n","protected":false},"author":1,"featured_media":0,"parent":0,"menu_order":0,"comment_status":"closed","ping_status":"closed","template":"page-templates\/template-fullwidth.php","meta":{"footnotes":""},"class_list":["post-1804","page","type-page","status-publish","hentry"],"_links":{"self":[{"href":"https:\/\/www.activpatrimonia.fr\/gespat\/index.php\/wp-json\/wp\/v2\/pages\/1804","targetHints":{"allow":["GET"]}}],"collection":[{"href":"https:\/\/www.activpatrimonia.fr\/gespat\/index.php\/wp-json\/wp\/v2\/pages"}],"about":[{"href":"https:\/\/www.activpatrimonia.fr\/gespat\/index.php\/wp-json\/wp\/v2\/types\/page"}],"author":[{"embeddable":true,"href":"https:\/\/www.activpatrimonia.fr\/gespat\/index.php\/wp-json\/wp\/v2\/users\/1"}],"replies":[{"embeddable":true,"href":"https:\/\/www.activpatrimonia.fr\/gespat\/index.php\/wp-json\/wp\/v2\/comments?post=1804"}],"version-history":[{"count":15,"href":"https:\/\/www.activpatrimonia.fr\/gespat\/index.php\/wp-json\/wp\/v2\/pages\/1804\/revisions"}],"predecessor-version":[{"id":1841,"href":"https:\/\/www.activpatrimonia.fr\/gespat\/index.php\/wp-json\/wp\/v2\/pages\/1804\/revisions\/1841"}],"wp:attachment":[{"href":"https:\/\/www.activpatrimonia.fr\/gespat\/index.php\/wp-json\/wp\/v2\/media?parent=1804"}],"curies":[{"name":"wp","href":"https:\/\/api.w.org\/{rel}","templated":true}]}}