{"id":9,"date":"2015-10-21T10:09:38","date_gmt":"2015-10-21T09:09:38","guid":{"rendered":"http:\/\/activpatrimonia.fr\/gespat\/?page_id=9"},"modified":"2018-11-10T14:23:44","modified_gmt":"2018-11-10T13:23:44","slug":"a-propos","status":"publish","type":"page","link":"https:\/\/www.activpatrimonia.fr\/gespat\/index.php\/a-propos\/","title":{"rendered":"A propos&#8230;."},"content":{"rendered":"<p align=\"left\"><a href=\"https:\/\/www.activpatrimonia.fr\/gespat\/index.php\/a-propos\/a6f99516-469b-40f9-abc0-3a26f36cdcbb\/\" rel=\"attachment wp-att-661\"><img loading=\"lazy\" decoding=\"async\" class=\"alignleft wp-image-661 size-medium\" src=\"https:\/\/www.activpatrimonia.fr\/gespat\/wp-content\/uploads\/2018\/11\/A6F99516-469B-40F9-ABC0-3A26F36CDCBB-218x300.jpeg\" alt=\"\" width=\"218\" height=\"300\" \/><\/a>Eric SAVARD, dirigeant d&rsquo;Activ Parimonia ; depuis pr\u00e8s de 20 ans, son m\u00e9tier est d\u2019accompagner les particuliers et les entreprises dans l\u2019\u00e9laboration des outils et des moyens afin d\u2019optimiser la valeur des avoirs mais aussi de construire les strat\u00e9gies d\u2019une gestion rigoureuse pour assurer l\u2019avenir et r\u00e9aliser les projets avec la mesure des risques et ce, en bon p\u00e8re de famille.<\/p>\n<p>&nbsp;<\/p>\n<div align=\"left\">Notre cabinet r\u00e9pond aussi bien aux besoins des particuliers que ceux des entreprises, quels que soient leur forme juridique et le statut de leur dirigeant.<\/div>\n<p>&nbsp;<\/p>\n<div align=\"left\"><\/div>\n<div align=\"left\">Nos valeurs bas\u00e9es sur la\u00a0confiance, la\u00a0discr\u00e9tion\u00a0et l&rsquo;ind\u00e9pendance, sont gage d&rsquo;un conseil juste et impartial.<\/div>\n<p>&nbsp;<\/p>\n<blockquote>\n<div align=\"left\">Notre r\u00e8gle d&rsquo;Or :\u00a0 parce que nous sommes le mandataire de nos clients et non de nos fournisseurs, nous nous pla\u00e7ons au centre de leurs int\u00e9r\u00eats, afin de mieux les d\u00e9fendre.<\/div>\n<div align=\"left\"><\/div>\n<\/blockquote>\n<div align=\"left\"><span style=\"text-decoration: underline;\">Conseiller en Gestion de Patrimoine\u00a0 abr. :<\/span> CGP, n. personne dont la fonction est de fournir des conseils et assister dans la gestion du patrimoine immobilier et financier d\u2019un tiers. Par l\u2019audit des biens et des besoins, le CGP d\u00e9finit une strat\u00e9gie patrimoniale dont l\u2019objectif est d\u2019optimiser la valorisation du patrimoine.<\/div>\n<div align=\"left\"><\/div>\n<p>&nbsp;<\/p>\n<div><strong><span style=\"text-decoration: underline;\"><span style=\"color: #c1002b; text-decoration: underline;\">INVESTIR DANS LA PIERRE :<\/span><\/span><\/strong><\/div>\n<div>Investir dans la pierre est la traduction d\u2019un engagement durable pour constituer un patrimoine et envisager l\u2019avenir avec s\u00e9r\u00e9nit\u00e9.<\/div>\n<div align=\"left\">C\u2019est aussi un moyen pour d\u00e9fiscaliser et le r\u00f4le du CGP est de construire un projet sur-mesure, qu\u2019il s\u2019agisse d\u2019un investissement locatif en direct, d\u2019une SCPI, d&rsquo;un bien patrimonial,&#8230;..<\/div>\n<div align=\"left\"><\/div>\n<p>&nbsp;<\/p>\n<div align=\"left\"><strong><span style=\"text-decoration: underline;\"><span style=\"color: #c1002b; text-decoration: underline;\">CONSTITUER UNE EPARGNE Placement &amp; Diversification :<\/span><\/span><\/strong><\/div>\n<div align=\"left\">Constituer une \u00e9pargne est l\u2019assurance de r\u00e9aliser des projets ou de pr\u00e9parer et pro- t\u00e9ger son avenir.<\/div>\n<div align=\"left\">A chacun son mode de placement ; de la r\u00e9mun\u00e9ration des fonds en \u20ac aux valeurs refuges de l\u2019or, en passant par la Bourse, il existe d\u2019autres moyens de g\u00e9rer ses investissements en les diversifiant comme acheter des bois et for\u00eats, investir dans le vin, dans sa r\u00e9gion par la participation dans des PME ou encore financer l\u2019art.<\/div>\n<div align=\"left\"><\/div>\n<p>&nbsp;<\/p>\n<div align=\"left\"><strong><span style=\"text-decoration: underline;\"><span style=\"color: #c1002b; text-decoration: underline;\">ANTICIPER L&rsquo;AVENIR :<\/span><\/span><\/strong><\/div>\n<div align=\"left\">Parce que l\u2019avenir des retraites reste incertain, les particuliers doivent \u00e9pargner pour pr\u00e9server leur pouvoir d\u2019achat futur en constituant un capital qu\u2019il convient de valoriser pour g\u00e9n\u00e9rer des revenus compl\u00e9mentaires. Plusieurs dispositifs destin\u00e9s \u00e0 am\u00e9liorer les revenus de demain permettent \u00e9galement d\u2019\u00e9conomiser sur l\u2019imp\u00f4t d\u2019aujourd\u2019hui.<\/div>\n<div align=\"left\">Envisager sa retraite c\u2019est aussi envisager de transmettre son patrimoine et seule l\u2019anticipation permet de r\u00e9ussir cette \u00e9tape pour ses proches et ses descendants.<\/div>\n<div align=\"left\"><\/div>\n<p>&nbsp;<\/p>\n<div align=\"left\"><strong><span style=\"text-decoration: underline;\"><span style=\"color: #c1002b; text-decoration: underline;\">NEGOCIER LE CAPITAL :<\/span><\/span><\/strong><\/div>\n<div align=\"left\">L\u2019acc\u00e8s \u00e0 la propri\u00e9t\u00e9, l\u2019acquisition de biens, le d\u00e9veloppement de son patrimoine n\u00e9cessite souvent le recours \u00e0 l\u2019emprunt.<\/div>\n<div align=\"left\">Les offres de pr\u00eats, les taux, les garanties n\u00e9cessaires, &#8230; sont autant de difficult\u00e9s auxquelles les particuliers sont confront\u00e9s et les diff\u00e9rents investissements au cours de la vie peuvent g\u00e9n\u00e9rer plusieurs pr\u00eats qu\u2019il convient d\u2019optimiser. Le CGP est le professionnel qui conseille, structure, n\u00e9gocie et facilite la relation du particulier avec les \u00e9tablissements bancaires.<\/div>\n","protected":false},"excerpt":{"rendered":"<p>Eric SAVARD, dirigeant d&rsquo;Activ Parimonia ; depuis pr\u00e8s de 20 ans, son m\u00e9tier est d\u2019accompagner les particuliers et les entreprises dans l\u2019\u00e9laboration des outils et des moyens afin d\u2019optimiser la valeur des avoirs mais aussi de construire les strat\u00e9gies d\u2019une gestion rigoureuse pour assurer l\u2019avenir et r\u00e9aliser les projets avec [&hellip;]<\/p>\n","protected":false},"author":1,"featured_media":0,"parent":0,"menu_order":0,"comment_status":"closed","ping_status":"closed","template":"Page-fullwidth.php","meta":{"footnotes":""},"class_list":["post-9","page","type-page","status-publish","hentry"],"_links":{"self":[{"href":"https:\/\/www.activpatrimonia.fr\/gespat\/index.php\/wp-json\/wp\/v2\/pages\/9","targetHints":{"allow":["GET"]}}],"collection":[{"href":"https:\/\/www.activpatrimonia.fr\/gespat\/index.php\/wp-json\/wp\/v2\/pages"}],"about":[{"href":"https:\/\/www.activpatrimonia.fr\/gespat\/index.php\/wp-json\/wp\/v2\/types\/page"}],"author":[{"embeddable":true,"href":"https:\/\/www.activpatrimonia.fr\/gespat\/index.php\/wp-json\/wp\/v2\/users\/1"}],"replies":[{"embeddable":true,"href":"https:\/\/www.activpatrimonia.fr\/gespat\/index.php\/wp-json\/wp\/v2\/comments?post=9"}],"version-history":[{"count":14,"href":"https:\/\/www.activpatrimonia.fr\/gespat\/index.php\/wp-json\/wp\/v2\/pages\/9\/revisions"}],"predecessor-version":[{"id":663,"href":"https:\/\/www.activpatrimonia.fr\/gespat\/index.php\/wp-json\/wp\/v2\/pages\/9\/revisions\/663"}],"wp:attachment":[{"href":"https:\/\/www.activpatrimonia.fr\/gespat\/index.php\/wp-json\/wp\/v2\/media?parent=9"}],"curies":[{"name":"wp","href":"https:\/\/api.w.org\/{rel}","templated":true}]}}