{"id":99,"date":"2015-11-27T09:17:33","date_gmt":"2015-11-27T08:17:33","guid":{"rendered":"http:\/\/activpatrimonia.fr\/gespat\/?page_id=99"},"modified":"2025-03-04T23:22:06","modified_gmt":"2025-03-04T22:22:06","slug":"offre-credit","status":"publish","type":"page","link":"https:\/\/www.activpatrimonia.fr\/gespat\/index.php\/offre-credit\/","title":{"rendered":"Offres de cr\u00e9dit"},"content":{"rendered":"<p>Interm\u00e9diaire en Op\u00e9rations de Banque et Services de Paiement, nous accompagnons nos clients dans la recherche de solutions de financement immobilier, de restructuration de cr\u00e9dit ou de financements sp\u00e9cifiques.<\/p>\n<ul>\n<li><strong>Financement immobilier<\/strong> &#8211; r\u00e9sidence principale, d&rsquo;investissement ou SCPI <a href=\"https:\/\/www.activpatrimonia.fr\/gespat\/index.php\/credit-immobilier\/\">cliquez ici<\/a> pour d\u00e9crire votre projet<\/li>\n<li><strong>Ren\u00e9gociation<\/strong> de pr\u00eat immobilier <a href=\"https:\/\/www.activpatrimonia.fr\/gespat\/index.php\/contact\/\">cliquez ici<\/a> pour prendre contact<\/li>\n<li><strong>Cr\u00e9dit \u00e0 la consommation<\/strong> <a href=\"https:\/\/www.activpatrimonia.fr\/gespat\/index.php\/credit-a-la-consommation\/\">cliquez ici<\/a> pour d\u00e9crire votre projet<\/li>\n<li>Financez votre <strong>soulte<\/strong> ou vos <strong>droits de succession ou donation<\/strong> <a href=\"https:\/\/www.activpatrimonia.fr\/gespat\/index.php\/divorce-financez-votre-soulte-succession-donation-financez-les-droits\/\">cliquez ici<\/a> pour d\u00e9crire votre projet<\/li>\n<\/ul>\n<p><span style=\"text-decoration: underline; color: #800000;\">Offre restructuration par regroupement de cr\u00e9dit :<\/span><\/p>\n<ul>\n<li><strong>CONSOMMATION<\/strong> + <strong>IMMOBILIER<\/strong> (regroupement d&rsquo;un pr\u00eat immobilier + pr\u00eats \u00e0 la consommation + d\u00e9couverts bancaires + dettes personnelles + enveloppe de tr\u00e9sorerie)<\/li>\n<li><strong>CONSOMMATION<\/strong> (regroupement\u00a0pr\u00eats \u00e0 la consommation + d\u00e9couverts bancaires + dettes personnelles + enveloppe de tr\u00e9sorerie)<\/li>\n<li><strong>PROJET<\/strong> (achats v\u00e9hicule\/moto + travaux + \u00e9quipement de maison + apport, frais de notaires, etc.. tout en regroupant les cr\u00e9dits en cours)<\/li>\n<li><strong>SPECIFIQUES<\/strong> (intervention possible en cas de rejets de pr\u00e9l\u00e8vement, retard de paiement des imp\u00f4ts, loyers, dettes d&rsquo;huissiers, saisie sur salaire)<\/li>\n<li>=&gt; <a href=\"https:\/\/www.activpatrimonia.fr\/gespat\/index.php\/regroupez-vos-credits-allegez-vos-mensualites-et-faites-face-aux-imprevus-es\/\">cliquez ici<\/a> pour nous d\u00e9crire votre besoin<\/li>\n<\/ul>\n<div id=\"ez-toc-container\" class=\"ez-toc-v2_0_81 counter-hierarchy ez-toc-counter ez-toc-grey ez-toc-container-direction\">\n<div class=\"ez-toc-title-container\">\n<p class=\"ez-toc-title\" style=\"cursor:inherit\">Table of Contents<\/p>\n<span class=\"ez-toc-title-toggle\"><a href=\"#\" class=\"ez-toc-pull-right ez-toc-btn ez-toc-btn-xs ez-toc-btn-default ez-toc-toggle\" aria-label=\"Toggle Table of Content\"><span class=\"ez-toc-js-icon-con\"><span class=\"\"><span class=\"eztoc-hide\" style=\"display:none;\">Toggle<\/span><span class=\"ez-toc-icon-toggle-span\"><svg style=\"fill: #999;color:#999\" xmlns=\"http:\/\/www.w3.org\/2000\/svg\" class=\"list-377408\" width=\"20px\" height=\"20px\" viewBox=\"0 0 24 24\" fill=\"none\"><path d=\"M6 6H4v2h2V6zm14 0H8v2h12V6zM4 11h2v2H4v-2zm16 0H8v2h12v-2zM4 16h2v2H4v-2zm16 0H8v2h12v-2z\" fill=\"currentColor\"><\/path><\/svg><svg style=\"fill: #999;color:#999\" class=\"arrow-unsorted-368013\" xmlns=\"http:\/\/www.w3.org\/2000\/svg\" width=\"10px\" height=\"10px\" viewBox=\"0 0 24 24\" version=\"1.2\" baseProfile=\"tiny\"><path d=\"M18.2 9.3l-6.2-6.3-6.2 6.3c-.2.2-.3.4-.3.7s.1.5.3.7c.2.2.4.3.7.3h11c.3 0 .5-.1.7-.3.2-.2.3-.5.3-.7s-.1-.5-.3-.7zM5.8 14.7l6.2 6.3 6.2-6.3c.2-.2.3-.5.3-.7s-.1-.5-.3-.7c-.2-.2-.4-.3-.7-.3h-11c-.3 0-.5.1-.7.3-.2.2-.3.5-.3.7s.1.5.3.7z\"\/><\/svg><\/span><\/span><\/span><\/a><\/span><\/div>\n<nav><ul class='ez-toc-list ez-toc-list-level-1 ' ><li class='ez-toc-page-1 ez-toc-heading-level-6'><a class=\"ez-toc-link ez-toc-heading-1\" href=\"https:\/\/www.activpatrimonia.fr\/gespat\/index.php\/offre-credit\/#Aucun_versement_de_quelque_nature_que_ce_soit_ne_peut_etre_exige_dun_particulier_avant_lobtention_dun_ou_plusieurs_prets_dargent_%E2%80%93_Article_L3122_Alinea_1\" >Aucun versement de quelque nature que ce soit ne peut \u00eatre exig\u00e9 d&rsquo;un particulier avant l&rsquo;obtention d&rsquo;un ou plusieurs pr\u00eats d&rsquo;argent &#8211; Article L312.2 Alin\u00e9a 1.<\/a><\/li><li class='ez-toc-page-1 ez-toc-heading-level-6'><a class=\"ez-toc-link ez-toc-heading-2\" href=\"https:\/\/www.activpatrimonia.fr\/gespat\/index.php\/offre-credit\/#Sous_reserve_dacceptation_et_normes_en_vigueur_de_nos_partenaires_bancaires\" >Sous r\u00e9serve d&rsquo;acceptation et normes en vigueur de nos partenaires bancaires.<\/a><\/li><li class='ez-toc-page-1 ez-toc-heading-level-6'><a class=\"ez-toc-link ez-toc-heading-3\" href=\"https:\/\/www.activpatrimonia.fr\/gespat\/index.php\/offre-credit\/#Un_credit_vous_engage_et_doit_etre_rembourse_Verifiez_votre_capacite_de_remboursement_avant_de_vous_engager\" >Un cr\u00e9dit vous engage et doit \u00eatre rembours\u00e9. V\u00e9rifiez votre capacit\u00e9 de remboursement avant de vous engager.<\/a><\/li><li class='ez-toc-page-1 ez-toc-heading-level-6'><a class=\"ez-toc-link ez-toc-heading-4\" href=\"https:\/\/www.activpatrimonia.fr\/gespat\/index.php\/offre-credit\/#ORIAS_n%C2%B018_000_008\" >ORIAS n\u00b018 000 008<\/a><\/li><\/ul><\/nav><\/div>\n<h6><span class=\"ez-toc-section\" id=\"Aucun_versement_de_quelque_nature_que_ce_soit_ne_peut_etre_exige_dun_particulier_avant_lobtention_dun_ou_plusieurs_prets_dargent_%E2%80%93_Article_L3122_Alinea_1\"><\/span>Aucun versement de quelque nature que ce soit ne peut \u00eatre exig\u00e9 d&rsquo;un particulier avant l&rsquo;obtention d&rsquo;un ou plusieurs pr\u00eats d&rsquo;argent &#8211; Article L312.2 Alin\u00e9a 1.<span class=\"ez-toc-section-end\"><\/span><\/h6>\n<h6><span class=\"ez-toc-section\" id=\"Sous_reserve_dacceptation_et_normes_en_vigueur_de_nos_partenaires_bancaires\"><\/span>Sous r\u00e9serve d&rsquo;acceptation et normes en vigueur de nos partenaires bancaires.<span class=\"ez-toc-section-end\"><\/span><\/h6>\n<h6><span class=\"ez-toc-section\" id=\"Un_credit_vous_engage_et_doit_etre_rembourse_Verifiez_votre_capacite_de_remboursement_avant_de_vous_engager\"><\/span>Un cr\u00e9dit vous engage et doit \u00eatre rembours\u00e9. V\u00e9rifiez votre capacit\u00e9 de remboursement avant de vous engager.<span class=\"ez-toc-section-end\"><\/span><\/h6>\n<h6><span class=\"ez-toc-section\" id=\"ORIAS_n%C2%B018_000_008\"><\/span>ORIAS n\u00b018 000 008<span class=\"ez-toc-section-end\"><\/span><\/h6>\n","protected":false},"excerpt":{"rendered":"<p>Interm\u00e9diaire en Op\u00e9rations de Banque et Services de Paiement, nous accompagnons nos clients dans la recherche de solutions de financement immobilier, de restructuration de cr\u00e9dit ou de financements sp\u00e9cifiques. Financement immobilier &#8211; r\u00e9sidence principale, d&rsquo;investissement ou SCPI cliquez ici pour d\u00e9crire votre projet Ren\u00e9gociation de pr\u00eat immobilier cliquez ici pour [&hellip;]<\/p>\n","protected":false},"author":1,"featured_media":0,"parent":0,"menu_order":0,"comment_status":"closed","ping_status":"closed","template":"page-templates\/template-fullwidth.php","meta":{"footnotes":""},"class_list":["post-99","page","type-page","status-publish","hentry"],"_links":{"self":[{"href":"https:\/\/www.activpatrimonia.fr\/gespat\/index.php\/wp-json\/wp\/v2\/pages\/99","targetHints":{"allow":["GET"]}}],"collection":[{"href":"https:\/\/www.activpatrimonia.fr\/gespat\/index.php\/wp-json\/wp\/v2\/pages"}],"about":[{"href":"https:\/\/www.activpatrimonia.fr\/gespat\/index.php\/wp-json\/wp\/v2\/types\/page"}],"author":[{"embeddable":true,"href":"https:\/\/www.activpatrimonia.fr\/gespat\/index.php\/wp-json\/wp\/v2\/users\/1"}],"replies":[{"embeddable":true,"href":"https:\/\/www.activpatrimonia.fr\/gespat\/index.php\/wp-json\/wp\/v2\/comments?post=99"}],"version-history":[{"count":18,"href":"https:\/\/www.activpatrimonia.fr\/gespat\/index.php\/wp-json\/wp\/v2\/pages\/99\/revisions"}],"predecessor-version":[{"id":1727,"href":"https:\/\/www.activpatrimonia.fr\/gespat\/index.php\/wp-json\/wp\/v2\/pages\/99\/revisions\/1727"}],"wp:attachment":[{"href":"https:\/\/www.activpatrimonia.fr\/gespat\/index.php\/wp-json\/wp\/v2\/media?parent=99"}],"curies":[{"name":"wp","href":"https:\/\/api.w.org\/{rel}","templated":true}]}}